{"id":56,"date":"2019-12-10T15:13:47","date_gmt":"2019-12-10T15:13:47","guid":{"rendered":"http:\/\/www.pamina-business.com\/?page_id=56"},"modified":"2025-03-26T16:47:10","modified_gmt":"2025-03-26T16:47:10","slug":"uber-uns","status":"publish","type":"page","link":"https:\/\/www.pamina-business.com\/de\/uber-uns\/","title":{"rendered":"U\u0308ber uns"},"content":{"rendered":"<p>Der PAMINA Business Club ist ein freiwilliger Zusammenschluss von rund 50 Wirtschaftsf\u00f6rderungsgesellschaften, Gemeinden und Kammern im deutsch-franz\u00f6sischen Kooperationsraum :<\/p>\n<p>&#8211; PA (Palatinat\/S\u00fcdpfalz)<\/p>\n<p>&#8211; MI (Mittlerer Oberrhein\/TechnologieRegion Karlsruhe)<\/p>\n<p>&#8211; NA (Nord Alsace).<\/p>\n<p>Die Wirtschaftsf\u00f6rderungen und Kammern vor Ort sind Schnittstelle zu den Unternehmen der Region. Mit dem Ziel, ihre grenz\u00fcberschreitenden Berateraktivit\u00e4ten zu optimieren, haben sich diese jeweils f\u00fcr die Standortpflege verantwortlichen Institutionen in den Teilregionen auf freiwilliger Basis zum &#8222;Club der Wirtschaftsf\u00f6rderer in der Regio PAMINA&#8220; zusammengeschlossen.<\/p>\n<p>&nbsp;<\/p>\n<p><strong>Mitglieder der Lenkengsgruppe des PAMINA Business Club :<\/strong><\/p>\n<p><strong>PA (Palatinat\/S\u00fcdpfalz)<\/strong><\/p>\n<p><a title=\"IHK Landau\" href=\"http:\/\/www.pfalz.ihk24.de\" target=\"_blank\" rel=\"noopener noreferrer\">IHK Landau<\/a> \u2013 Marc Watgen<\/p>\n<p><a href=\"http:\/\/www.landau.de\">Stadt Landau<\/a> &#8211; Marc Siener<\/p>\n<p><a title=\"HWK Pfalz\" href=\"http:\/\/www.hwk-pfalz.de\" target=\"_blank\" rel=\"noopener noreferrer\">HWK Pfalz<\/a> \u2013 Elke Wikerath<\/p>\n<p><strong>MI (Mittlerer Oberrhein\/TechnologieRegion Karlsruhe)<\/strong><\/p>\n<p><a title=\"WIFOE Stadt Karlsruhe\" href=\"http:\/\/www.wifoe.karlsruhe.de\" target=\"_blank\" rel=\"noopener noreferrer\">Wif\u00f6e Stadt Karlsruhe<\/a> \u2013 Ralf Eichhorn \u2013 Simone Pflieger<\/p>\n<p><a title=\"Karlsruhe\" href=\"http:\/\/karlsruhe.de\/\" target=\"_blank\" rel=\"noopener noreferrer\">Stadt Karlsruhe<\/a><strong> \u2013 <\/strong>Nicole Walther &#8211; Andrea Zechnall<\/p>\n<p><a title=\"IHK Karlsruhe\" href=\"http:\/\/www.karlsruhe.ihk.de\" target=\"_blank\" rel=\"noopener noreferrer\">IHK Karlsruhe<\/a> \u2013 Sven-Eric Brune \u2013 Sonja Waldherr-Rummel<\/p>\n<p><a title=\"Regionale Wirtschaftsf\u00f6rderung Bruchsal\" href=\"http:\/\/www.wfg-bruchsal.de\" target=\"_blank\" rel=\"noopener noreferrer\">Regionale Wirtschaftsf\u00f6rderung Bruchsal<\/a> \u2013 Stefan Huber \u2013 Frank Schmidt<\/p>\n<p><a title=\"Landkreis Rastatt\" href=\"http:\/\/www.landkreis-rastatt.de\" target=\"_blank\" rel=\"noopener noreferrer\">Landkreis Rastatt<\/a> \u2013 Micha\u00ebl Weis &#8211; Claus Haberecht<\/p>\n<p><strong>NA (Nord Alsace)<\/strong><\/p>\n<p><a title=\"ADIRA - Agence de d\u00e9veloppement \u00e9conomique du Bas-Rhin\" href=\"http:\/\/www.adira.com\" target=\"_blank\" rel=\"noopener noreferrer\">ADIRA (Agence de d\u00e9veloppement \u00e9conomique du Bas-Rhin)<\/a> \u2013 Jean-Michel Staerl\u00e9 \u2013 Sylvie Dossmann<\/p>\n<p><a title=\"CMA\" href=\"http:\/\/www.cm-alsace.fr\" target=\"_blank\" rel=\"noopener noreferrer\">Chambre de M\u00e9tiers d\u2019Alsace<\/a> \u2013 C\u00e9cilia Kieffer<\/p>\n<p><a title=\"Ville de Haguenau\" href=\"http:\/\/www.ville-haguenau.fr\" target=\"_blank\" rel=\"noopener noreferrer\">CAIRE<\/a> (<span class=\"st\">Centre d\u2019Animation d\u2019Information et Relais Economique<\/span>) \u2013 Dominique Platz<\/p>\n<p><a href=\"http:\/\/www.sauer-pechelbronn.fr\">Communaut\u00e9 de commmunes Sauer-Pechelbronn<\/a> &#8211; C\u00e9dric Lamps<\/p>\n<p><a title=\"Eurodistcrict Regio PAMINA\" href=\"http:\/\/www.eurodistrict-pamina.eu\/pamina\/\" target=\"_blank\" rel=\"noopener noreferrer\">Eurodistrict Regio PAMINA<\/a> \u2013 Aur\u00e9lie Boitel<\/p>\n","protected":false},"excerpt":{"rendered":"<p>Der PAMINA Business Club ist ein freiwilliger Zusammenschluss von rund 50 Wirtschaftsf\u00f6rderungsgesellschaften, Gemeinden und Kammern im deutsch-franz\u00f6sischen Kooperationsraum : &#8211; PA (Palatinat\/S\u00fcdpfalz) &#8211; MI (Mittlerer Oberrhein\/TechnologieRegion Karlsruhe) &#8211; NA (Nord Alsace). Die Wirtschaftsf\u00f6rderungen und Kammern vor Ort sind Schnittstelle zu den Unternehmen der Region. Mit dem Ziel, ihre grenz\u00fcberschreitenden Berateraktivit\u00e4ten zu optimieren, haben sich diese [&hellip;]<\/p>\n","protected":false},"author":1,"featured_media":0,"parent":0,"menu_order":0,"comment_status":"open","ping_status":"open","template":"","meta":{"_exactmetrics_skip_tracking":false,"_exactmetrics_sitenote_active":false,"_exactmetrics_sitenote_note":"","_exactmetrics_sitenote_category":0,"footnotes":""},"class_list":["post-56","page","type-page","status-publish","hentry"],"yoast_head":"<!-- This site is optimized with the Yoast SEO plugin v27.5 - https:\/\/yoast.com\/product\/yoast-seo-wordpress\/ -->\n<title>U\u0308ber uns - PAMINA Business Club<\/title>\n<meta name=\"robots\" content=\"index, follow, max-snippet:-1, max-image-preview:large, max-video-preview:-1\" \/>\n<link rel=\"canonical\" href=\"https:\/\/www.pamina-business.com\/de\/uber-uns\/\" \/>\n<meta property=\"og:locale\" content=\"de_DE\" \/>\n<meta property=\"og:type\" content=\"article\" \/>\n<meta property=\"og:title\" content=\"U\u0308ber uns - PAMINA Business Club\" \/>\n<meta property=\"og:description\" content=\"Der PAMINA Business Club ist ein freiwilliger Zusammenschluss von rund 50 Wirtschaftsf\u00f6rderungsgesellschaften, Gemeinden und Kammern im deutsch-franz\u00f6sischen Kooperationsraum : &#8211; PA (Palatinat\/S\u00fcdpfalz) &#8211; MI (Mittlerer Oberrhein\/TechnologieRegion Karlsruhe) &#8211; NA (Nord Alsace). Die Wirtschaftsf\u00f6rderungen und Kammern vor Ort sind Schnittstelle zu den Unternehmen der Region. Mit dem Ziel, ihre grenz\u00fcberschreitenden Berateraktivit\u00e4ten zu optimieren, haben sich diese [&hellip;]\" \/>\n<meta property=\"og:url\" content=\"https:\/\/www.pamina-business.com\/de\/uber-uns\/\" \/>\n<meta property=\"og:site_name\" content=\"PAMINA Business Club\" \/>\n<meta property=\"article:modified_time\" content=\"2025-03-26T16:47:10+00:00\" \/>\n<meta name=\"twitter:card\" content=\"summary_large_image\" \/>\n<meta name=\"twitter:label1\" content=\"Gesch\u00e4tzte Lesezeit\" \/>\n\t<meta name=\"twitter:data1\" content=\"1\u00a0Minute\" \/>\n<script type=\"application\/ld+json\" class=\"yoast-schema-graph\">{\"@context\":\"https:\\\/\\\/schema.org\",\"@graph\":[{\"@type\":\"WebPage\",\"@id\":\"https:\\\/\\\/www.pamina-business.com\\\/de\\\/uber-uns\\\/\",\"url\":\"https:\\\/\\\/www.pamina-business.com\\\/de\\\/uber-uns\\\/\",\"name\":\"U\u0308ber uns - PAMINA Business Club\",\"isPartOf\":{\"@id\":\"https:\\\/\\\/www.pamina-business.com\\\/de\\\/#website\"},\"datePublished\":\"2019-12-10T15:13:47+00:00\",\"dateModified\":\"2025-03-26T16:47:10+00:00\",\"breadcrumb\":{\"@id\":\"https:\\\/\\\/www.pamina-business.com\\\/de\\\/uber-uns\\\/#breadcrumb\"},\"inLanguage\":\"de\",\"potentialAction\":[{\"@type\":\"ReadAction\",\"target\":[\"https:\\\/\\\/www.pamina-business.com\\\/de\\\/uber-uns\\\/\"]}]},{\"@type\":\"BreadcrumbList\",\"@id\":\"https:\\\/\\\/www.pamina-business.com\\\/de\\\/uber-uns\\\/#breadcrumb\",\"itemListElement\":[{\"@type\":\"ListItem\",\"position\":1,\"name\":\"Accueil\",\"item\":\"https:\\\/\\\/www.pamina-business.com\\\/de\\\/\"},{\"@type\":\"ListItem\",\"position\":2,\"name\":\"U\u0308ber uns\"}]},{\"@type\":\"WebSite\",\"@id\":\"https:\\\/\\\/www.pamina-business.com\\\/de\\\/#website\",\"url\":\"https:\\\/\\\/www.pamina-business.com\\\/de\\\/\",\"name\":\"PAMINA Business Club\",\"description\":\"Un site utilisant WordPress\",\"potentialAction\":[{\"@type\":\"SearchAction\",\"target\":{\"@type\":\"EntryPoint\",\"urlTemplate\":\"https:\\\/\\\/www.pamina-business.com\\\/de\\\/?s={search_term_string}\"},\"query-input\":{\"@type\":\"PropertyValueSpecification\",\"valueRequired\":true,\"valueName\":\"search_term_string\"}}],\"inLanguage\":\"de\"}]}<\/script>\n<!-- \/ Yoast SEO plugin. -->","yoast_head_json":{"title":"U\u0308ber uns - PAMINA Business Club","robots":{"index":"index","follow":"follow","max-snippet":"max-snippet:-1","max-image-preview":"max-image-preview:large","max-video-preview":"max-video-preview:-1"},"canonical":"https:\/\/www.pamina-business.com\/de\/uber-uns\/","og_locale":"de_DE","og_type":"article","og_title":"U\u0308ber uns - PAMINA Business Club","og_description":"Der PAMINA Business Club ist ein freiwilliger Zusammenschluss von rund 50 Wirtschaftsf\u00f6rderungsgesellschaften, Gemeinden und Kammern im deutsch-franz\u00f6sischen Kooperationsraum : &#8211; PA (Palatinat\/S\u00fcdpfalz) &#8211; MI (Mittlerer Oberrhein\/TechnologieRegion Karlsruhe) &#8211; NA (Nord Alsace). Die Wirtschaftsf\u00f6rderungen und Kammern vor Ort sind Schnittstelle zu den Unternehmen der Region. Mit dem Ziel, ihre grenz\u00fcberschreitenden Berateraktivit\u00e4ten zu optimieren, haben sich diese [&hellip;]","og_url":"https:\/\/www.pamina-business.com\/de\/uber-uns\/","og_site_name":"PAMINA Business Club","article_modified_time":"2025-03-26T16:47:10+00:00","twitter_card":"summary_large_image","twitter_misc":{"Gesch\u00e4tzte Lesezeit":"1\u00a0Minute"},"schema":{"@context":"https:\/\/schema.org","@graph":[{"@type":"WebPage","@id":"https:\/\/www.pamina-business.com\/de\/uber-uns\/","url":"https:\/\/www.pamina-business.com\/de\/uber-uns\/","name":"U\u0308ber uns - PAMINA Business Club","isPartOf":{"@id":"https:\/\/www.pamina-business.com\/de\/#website"},"datePublished":"2019-12-10T15:13:47+00:00","dateModified":"2025-03-26T16:47:10+00:00","breadcrumb":{"@id":"https:\/\/www.pamina-business.com\/de\/uber-uns\/#breadcrumb"},"inLanguage":"de","potentialAction":[{"@type":"ReadAction","target":["https:\/\/www.pamina-business.com\/de\/uber-uns\/"]}]},{"@type":"BreadcrumbList","@id":"https:\/\/www.pamina-business.com\/de\/uber-uns\/#breadcrumb","itemListElement":[{"@type":"ListItem","position":1,"name":"Accueil","item":"https:\/\/www.pamina-business.com\/de\/"},{"@type":"ListItem","position":2,"name":"U\u0308ber uns"}]},{"@type":"WebSite","@id":"https:\/\/www.pamina-business.com\/de\/#website","url":"https:\/\/www.pamina-business.com\/de\/","name":"PAMINA Business Club","description":"Un site utilisant WordPress","potentialAction":[{"@type":"SearchAction","target":{"@type":"EntryPoint","urlTemplate":"https:\/\/www.pamina-business.com\/de\/?s={search_term_string}"},"query-input":{"@type":"PropertyValueSpecification","valueRequired":true,"valueName":"search_term_string"}}],"inLanguage":"de"}]}},"_links":{"self":[{"href":"https:\/\/www.pamina-business.com\/de\/wp-json\/wp\/v2\/pages\/56","targetHints":{"allow":["GET"]}}],"collection":[{"href":"https:\/\/www.pamina-business.com\/de\/wp-json\/wp\/v2\/pages"}],"about":[{"href":"https:\/\/www.pamina-business.com\/de\/wp-json\/wp\/v2\/types\/page"}],"author":[{"embeddable":true,"href":"https:\/\/www.pamina-business.com\/de\/wp-json\/wp\/v2\/users\/1"}],"replies":[{"embeddable":true,"href":"https:\/\/www.pamina-business.com\/de\/wp-json\/wp\/v2\/comments?post=56"}],"version-history":[{"count":6,"href":"https:\/\/www.pamina-business.com\/de\/wp-json\/wp\/v2\/pages\/56\/revisions"}],"predecessor-version":[{"id":5111,"href":"https:\/\/www.pamina-business.com\/de\/wp-json\/wp\/v2\/pages\/56\/revisions\/5111"}],"wp:attachment":[{"href":"https:\/\/www.pamina-business.com\/de\/wp-json\/wp\/v2\/media?parent=56"}],"curies":[{"name":"wp","href":"https:\/\/api.w.org\/{rel}","templated":true}]}}