{"id":201,"date":"2015-02-09T15:27:01","date_gmt":"2015-02-09T15:27:01","guid":{"rendered":"http:\/\/www.pamina-business.com\/?page_id=201"},"modified":"2015-02-09T15:27:01","modified_gmt":"2015-02-09T15:27:01","slug":"sitemap","status":"publish","type":"page","link":"https:\/\/www.pamina-business.com\/de\/sitemap\/","title":{"rendered":"Sitemap"},"content":{"rendered":"<div class=\"manage-pagepost\"><ul class=\"manage_page\"><h3>Pages<\/h3><li class=\"page_item page-item-95\"><a href=\"https:\/\/www.pamina-business.com\/de\/\">Accueil<\/a><\/li>\n<li class=\"page_item page-item-75\"><a href=\"https:\/\/www.pamina-business.com\/de\/ressource-2\/\">Downloads<\/a><\/li>\n<li class=\"page_item page-item-198\"><a href=\"https:\/\/www.pamina-business.com\/de\/impressum\/\">Impressum<\/a><\/li>\n<li class=\"page_item page-item-69\"><a href=\"https:\/\/www.pamina-business.com\/de\/karte\/\">Karte<\/a><\/li>\n<li class=\"page_item page-item-86\"><a href=\"https:\/\/www.pamina-business.com\/de\/kontakt\/\">Kontakt<\/a><\/li>\n<li class=\"page_item page-item-67\"><a href=\"https:\/\/www.pamina-business.com\/de\/botschafter\/\">Partner<\/a><\/li>\n<li class=\"page_item page-item-201\"><a href=\"https:\/\/www.pamina-business.com\/de\/sitemap\/\">Sitemap<\/a><\/li>\n<li class=\"page_item page-item-56\"><a href=\"https:\/\/www.pamina-business.com\/de\/uber-uns\/\">U\u0308ber uns<\/a><\/li>\n<\/ul><ul class=\"manage_post\"><h3>posts<\/h3><li><a href=\"https:\/\/www.pamina-business.com\/de\/retrouvez-nos-dernieres-actualites-sur-linkedin\/\">Retrouvez nos derni\u00e8res actualit\u00e9s sur LINKEDIN<\/a><\/li><li><a href=\"https:\/\/www.pamina-business.com\/de\/wie-gelingt-transformation-in-krisenzeiten-der-aen-kongress-am-17-01-bei-michelin-gibt-antworten-lassen-sie-sich-inspirieren\/\">Wie gelingt Transformation in Krisenzeiten? Der AEN-Kongress am 17.01. bei Michelin gibt Antworten &#8211; Lassen Sie sich inspirieren!<\/a><\/li><li><a href=\"https:\/\/www.pamina-business.com\/de\/aen-save-the-date-regiotransformation-informationsveranstaltung-zum-projektstart\/\">AEN &#8211; Save the date regioTransformation &#8211; Informationsveranstaltung zum Projektstart<\/a><\/li><li><a href=\"https:\/\/www.pamina-business.com\/de\/aen-kongress-transformation-in-krisenzeiten\/\">AEN &#8211; Kongress \u201eTransformation in Krisenzeiten\u201c<\/a><\/li><li><a href=\"https:\/\/www.pamina-business.com\/de\/rueckblick-transformation-regionale-automobilwirtschaft-aus-sicht-der-automobilhersteller-zulieferer-und-interessenvertreter\/\">R\u00fcckblick &#8211; Transformation regionale Automobilwirtschaft  \u2026 aus Sicht der Automobilhersteller, Zulieferer und Interessenvertreter<\/a><\/li><li><a href=\"https:\/\/www.pamina-business.com\/de\/repondez-a-lenquete-sur-la-valeur-ajoutee-des-relations-economiques-franco-allemandes-pour-les-entreprises\/\">R\u00e9pondez \u00e0 l&#8217;enqu\u00eate sur la valeur ajout\u00e9e des relations \u00e9conomiques franco-allemandes pour les entreprises !<\/a><\/li><li><a href=\"https:\/\/www.pamina-business.com\/de\/preisverleihung-neo2022-den-21-oktober-2022-in-der-stadthalle-ettlingen\/\">Preisverleihung NEO2022 &#8211; den 21. Oktober 2022, in der Stadthalle Ettlingen<\/a><\/li><li><a href=\"https:\/\/www.pamina-business.com\/de\/grenzueberschreitende-beschaeftigung-zwischen-deutschland-und-frankreich-sozial-und-steuerrechtliche-regelungen\/\">Grenz\u00fcberschreitende Besch\u00e4ftigung zwischen Deutschland und Frankreich. Sozial- und steuerrechtliche Regelungen.<\/a><\/li><li><a href=\"https:\/\/www.pamina-business.com\/de\/dt-frz-gruendergrillen-pamina-business-club-stellt-sich-vor\/\">Dt-frz. Gr\u00fcndergrillen: PAMINA Business Club stellt sich vor<\/a><\/li><li><a href=\"https:\/\/www.pamina-business.com\/de\/neo2022-gesucht-innovationen-in-der-cybersicherheit\/\">NEO2022 &#8211; Gesucht: Innovationen in der Cybersicherheit<\/a><\/li><li><a href=\"https:\/\/www.pamina-business.com\/de\/eine-vielversprechende-praxis-orientierung\/\">Eine vielversprechende Praxis-Orientierung<\/a><\/li><li><a href=\"https:\/\/www.pamina-business.com\/de\/veranstaltung-transformation-regionale-automobilwirtschaft-am-28-04-2022\/\">Veranstaltung &#8222;Transformation regionale Automobilwirtschaft&#8220; am 28.04.2022<\/a><\/li><li><a href=\"https:\/\/www.pamina-business.com\/de\/french-german-partnering-event-for-artificial-intelligence-ai-in-industry-4-0-am-17-maerz-2022\/\">French-German Partnering Event for Artificial Intelligence (AI) in Industry 4.0 am 17 M\u00e4rz 2022<\/a><\/li><li><a href=\"https:\/\/www.pamina-business.com\/de\/der-pamina-business-club-startet-mit-dem-turbo-durch\/\">Der PAMINA Business Club startet mit dem Turbo durch!<\/a><\/li><li><a href=\"https:\/\/www.pamina-business.com\/de\/engineering-dialogue-kongress-aen\/\">Engineering Dialogue Kongress (AEN)<\/a><\/li><li><a href=\"https:\/\/www.pamina-business.com\/de\/die-deutsch-franzoesische-ki-konferenz-aixia-2021\/\">Die deutsch-franz\u00f6sische KI-Konferenz AIxIA 2021<\/a><\/li><li><a href=\"https:\/\/www.pamina-business.com\/de\/exkursion-nach-strassburg-verwaltungen-tauschen-sich-aus\/\">Exkursion nach Stra\u00dfburg: Verwaltungen tauschen sich aus<\/a><\/li><li><a href=\"https:\/\/www.pamina-business.com\/de\/zoom-kauft-karlsruher-spezialisten-fuer-uebersetzungs-software\/\">Zoom kauft Karlsruher Spezialisten f\u00fcr \u00dcbersetzungs-Software<\/a><\/li><li><a href=\"https:\/\/www.pamina-business.com\/de\/volocopter-fliegt-ueber-paris\/\">Volocopter fliegt \u00fcber Paris<\/a><\/li><li><a href=\"https:\/\/www.pamina-business.com\/de\/teamup-goes-international-wo-finde-ich-meine-mitgruender-bei-teamup\/\">TeamUp goes international ! Wo finde ich meine Mitgr\u00fcnder? Bei TeamUp!<\/a><\/li><li><a href=\"https:\/\/www.pamina-business.com\/de\/innovation-day-upper-rhine-april-2022\/\">Innovation Day Upper Rhine \u2013 April 2022<\/a><\/li><li><a href=\"https:\/\/www.pamina-business.com\/de\/trk-innovationspreis-neo2021-sucht-beispiele-fuer-die-erfolgreiche-trans-formation-von-unternehmen\/\">TRK-Innovationspreis NEO2021 sucht Beispiele f\u00fcr die erfolgreiche Trans-formation von Unternehmen<\/a><\/li><li><a href=\"https:\/\/www.pamina-business.com\/de\/bourse-de-cooperation-franco-allemande-sur-lintelligence-artificielle-dans-lindustrie-4-0-le-18-mai-2021\/\">Bourse de coop\u00e9ration franco-allemande sur l&#8217;intelligence artificielle dans l&#8217;industrie 4.0 le 18 mai 2021<\/a><\/li><li><a href=\"https:\/\/www.pamina-business.com\/de\/ihk-karlsruhe-verteilt-schnelltests-an-betriebe-mit-grenzpendlern\/\">IHK Karlsruhe verteilt Schnelltests an Betriebe mit Grenzpendlern<\/a><\/li><li><a href=\"https:\/\/www.pamina-business.com\/de\/singami-ein-grenzueberschreitenden-inkubator\/\">SING&#038;Ami: ein grenz\u00fcberschreitenden Inkubator<\/a><\/li><li><a href=\"https:\/\/www.pamina-business.com\/de\/hightech-trifft-lebensart-technologie-gastronomie-mobilitaet-im-schulterschluss\/\">HighTech trifft Lebensart \u2013 Technologie, Gastronomie, Mobilit\u00e4t im Schulterschluss<\/a><\/li><li><a href=\"https:\/\/www.pamina-business.com\/de\/trinational-stakeholder-workshop-am-7-october-2020\/\">Trinational Stakeholder Workshop am 7. October 2020<\/a><\/li><li><a href=\"https:\/\/www.pamina-business.com\/de\/6-trinationalen-klima-und-energiekongresses\/\">6. Trinationalen Klima- und Energiekongresses<\/a><\/li><li><a href=\"https:\/\/www.pamina-business.com\/de\/save-the-date-tandem-workshop-mit-den-schwerpunkten-energiegenossenschaften-und-bilaterale-projekte\/\">SAVE THE DATE \u2013 TANDEM Workshop mit den Schwerpunkten Energiegenossenschaften und bilaterale Projekte<\/a><\/li><li><a href=\"https:\/\/www.pamina-business.com\/de\/nachricht-des-praesidenten-2\/\">Nachricht des Pr\u00e4sidenten<\/a><\/li><li><a href=\"https:\/\/www.pamina-business.com\/de\/virtuelle-gruendertage-vom-27-29-07-2020-erfolg-hat-drei-buchstaben-tun\/\">Virtuelle Gr\u00fcndertage vom 27.-29.07.2020 \u201eErfolg hat drei Buchstaben: TUN\u201c<\/a><\/li><li><a href=\"https:\/\/www.pamina-business.com\/de\/reunion-du-groupe-danimation-pamina-par-videoconference\/\">R\u00e9union du Groupe d&#8217;Animation PAMINA par vid\u00e9oconf\u00e9rence le 20 mai 2020<\/a><\/li><li><a href=\"https:\/\/www.pamina-business.com\/de\/innovationspreis-neo-2020\/\">Innovationspreis NEO 2020<\/a><\/li><li><a href=\"https:\/\/www.pamina-business.com\/de\/covid-19-grenzueberschreitender-alltag\/\">Covid-19 : Grenz\u00fcberschreitender Alltag<\/a><\/li><li><a href=\"https:\/\/www.pamina-business.com\/de\/covid-9-le-quotidien-transfrontalier\/\">Covid-19 : le quotidien transfrontalier<\/a><\/li><li><a href=\"https:\/\/www.pamina-business.com\/de\/neuer-deutsch-franzoesischer-buergerfonds\/\">Neuer Deutsch-Franz\u00f6sischer B\u00fcrgerfonds<\/a><\/li><li><a href=\"https:\/\/www.pamina-business.com\/de\/nouveau-fonds-citoyen-franco-allemand\/\">Nouveau Fonds citoyen franco-allemand<\/a><\/li><li><a href=\"https:\/\/www.pamina-business.com\/de\/covid-19-wichtige-informationen-de-eurodistrikts-pamina\/\">COVID 19 : wichtige Informationen de Eurodistrikts PAMINA<\/a><\/li><li><a href=\"https:\/\/www.pamina-business.com\/de\/covid-19-informations-importantes-de-leurodistrict-pamina\/\">COVID 19 : Informations importantes de l&#8217;Eurodistrict Pamina<\/a><\/li><li><a href=\"https:\/\/www.pamina-business.com\/de\/informationen-der-wirtschaftsfoerderung-karlsruhe-neo-2020\/\">Informationen der Wirtschaftsf\u00f6rderung Karlsruhe : NEO 2020<\/a><\/li><li><a href=\"https:\/\/www.pamina-business.com\/de\/dritte-sondernewsletter-des-wirtschaftsfoerderung-karlsruhe\/\">Dritte Sondernewsletter des Wirtschaftsf\u00f6rderung Karlsruhe<\/a><\/li><li><a href=\"https:\/\/www.pamina-business.com\/de\/crise-du-covid-19-et-pamina-business-club\/\">Crise du Covid-19 et Pamina Business Club<\/a><\/li><li><a href=\"https:\/\/www.pamina-business.com\/de\/covid-19-krise-und-pamina-business-club\/\">Covid-19-Krise und Pamina Business Club<\/a><\/li><li><a href=\"https:\/\/www.pamina-business.com\/de\/4536\/\">Coronacanal.de<\/a><\/li><li><a href=\"https:\/\/www.pamina-business.com\/de\/coronakanal-de\/\">Coronakanal.de<\/a><\/li><li><a href=\"https:\/\/www.pamina-business.com\/de\/covid-19-informationen-vom-eurodistrict-pamina\/\">COVID 19 : Informationen vom Eurodistrict Pamina<\/a><\/li><li><a href=\"https:\/\/www.pamina-business.com\/de\/covid-19-informations-de-leurodistrict-pamina-2\/\">COVID 19 : Informations de l&#8217;Eurodistrict Pamina<\/a><\/li><li><a href=\"https:\/\/www.pamina-business.com\/de\/ein-videomagazin-mit-hilfstellungen-fuer-den-mittelstand-in-der-krise\/\">Ein Videomagazin mit Hilfstellungen f\u00fcr den Mittelstand in der Krise<\/a><\/li><li><a href=\"https:\/\/www.pamina-business.com\/de\/der-punkt-service-newsletter\/\">Der Punkt : Service Newsletter<\/a><\/li><li><a href=\"https:\/\/www.pamina-business.com\/de\/4514\/\">2. Sondernewsletter der TechnologieRegion Karlsruhe<\/a><\/li><li><a href=\"https:\/\/www.pamina-business.com\/de\/covid-19-sondernewsletter-der-technologieregion-karlsruhe\/\">COVID-19 : Sondernewsletter der TechnologieRegion Karlsruhe<\/a><\/li><li><a href=\"https:\/\/www.pamina-business.com\/de\/covid-19-mesures-prises-par-la-ville-de-haguenau-pour-lactivite-economiqueels-entreprises\/\">COVID 19  : Mesures prises par la ville de Haguenau pour l&#8217;activit\u00e9 \u00e9conomique des entreprises<\/a><\/li><li><a href=\"https:\/\/www.pamina-business.com\/de\/covid-19\/\">COVID-19<\/a><\/li><li><a href=\"https:\/\/www.pamina-business.com\/de\/covid-19-informations-de-leurodistrict-pamina\/\">COVID 19 : Informations de l&#8217;Eurodistrict Pamina<\/a><\/li><li><a href=\"https:\/\/www.pamina-business.com\/de\/dialogforum-kultur-perspektive-publikum-pamina-am-5-februar-2020-in-rastatt-2\/\">Dialogforum Kultur Perspektive Publikum PAMINA am 5. Februar 2020 in Rastatt<\/a><\/li><li><a href=\"https:\/\/www.pamina-business.com\/de\/dialogforum-kultur-perspektive-publikum-pamina-le-5-fevrier-2020-a-rastatt\/\">Dialogforum Kultur Perspektive Publikum PAMINA le 5 f\u00e9vrier 2020 \u00e0 Rastatt<\/a><\/li><li><a href=\"https:\/\/www.pamina-business.com\/de\/netzwerktreffen-fuer-internationale-fachkraefte-am-24-maerz-2020-in-karlsruhe\/\">Netzwerktreffen f\u00fcr internationale Fachkr\u00e4fte am 24. M\u00e4rz 2020 in Karlsruhe<\/a><\/li><li><a href=\"https:\/\/www.pamina-business.com\/de\/tag-der-offenen-tuer-open-day-journee-portes-ouvertes-an-der-europaeischen-schule-karlsruhe-am-14-maerz-2020\/\">Tag der offenen T\u00fcr &#8211; Open Day &#8211; Journ\u00e9e portes ouvertes an der Europ\u00e4ischen Schule Karlsruhe am 14. M\u00e4rz 2020<\/a><\/li><li><a href=\"https:\/\/www.pamina-business.com\/de\/baden-wuerttemberg-und-die-region-grand-est-wollen-die-grenzueberschreitende-zusammenarbeit-weiter-vorantreiben\/\">Baden-W\u00fcrttemberg und die R\u00e9gion Grand Est wollen die grenz\u00fcberschreitende Zusammenarbeit weiter vorantreiben<\/a><\/li><li><a href=\"https:\/\/www.pamina-business.com\/de\/expo-real-auftritt-der-technologieregion-karlsruhe-forum-fuer-oekologische-geschaeftsmodelle-der-immobilienwirtschaft\/\">EXPO REAL-Auftritt der TechnologieRegion Karlsruhe: Forum f\u00fcr \u00f6kologische Gesch\u00e4ftsmodelle der Immobilienwirtschaft<\/a><\/li><li><a href=\"https:\/\/www.pamina-business.com\/de\/kreativstart-am-26-27-maerz-2020-in-karlsruhe\/\">&#8222;KreativStart&#8220; am 26-27 M\u00e4rz 2020 in Karlsruhe<\/a><\/li><li><a href=\"https:\/\/www.pamina-business.com\/de\/passe-partout-weltenbummler\/\">Passe-Partout &#8211; Weltenbummler<\/a><\/li><li><a href=\"https:\/\/www.pamina-business.com\/de\/praktikumsangebot-volkshoschule-pamina\/\">Praktikumsangebot Volkshoschule Pamina<\/a><\/li><li><a href=\"https:\/\/www.pamina-business.com\/de\/offre-de-stage-universite-populaire-pamina\/\">Offre de stage : Universit\u00e9 Populaire PAMINA<\/a><\/li><li><a href=\"https:\/\/www.pamina-business.com\/de\/robotique-en-alsace-eepi-robotics-et-elyotec-sunissent\/\">Robotique en Alsace : EEPI ROBOTICS et ELYOTEC s\u2019unissent !<\/a><\/li><li><a href=\"https:\/\/www.pamina-business.com\/de\/landau-on-vous-y-emmene-2\/\">Landau : on vous y emm\u00e8ne !<\/a><\/li><li><a href=\"https:\/\/www.pamina-business.com\/de\/club-dentreprise-territoire-de-haguenau-reunion-le-13-fevrier-2020\/\">Club d&#8217;entreprise &#8211; Territoire de HAGUENAU : r\u00e9union le 13 f\u00e9vrier 2020<\/a><\/li><li><a href=\"https:\/\/www.pamina-business.com\/de\/passe-partout-weltenbummler-webinaires-a-partir-du-12-fevrier-2020\/\">Passe-Partout &#8211; Weltenbummler : Webinaires \u00e0 partir du 12 f\u00e9vrier 2020<\/a><\/li><li><a href=\"https:\/\/www.pamina-business.com\/de\/weltenbummler-passe-partout-webinare-ab-dem-12-februar-2020\/\">Weltenbummler &#8211; Passe-Partout : Webinare ab dem 12. Februar 2020<\/a><\/li><li><a href=\"https:\/\/www.pamina-business.com\/de\/freiwilligendienst-interreg-volunteer-youth-beim-eurodistrict-pamina\/\">Freiwilligendienst Interreg Volunteer Youth beim Eurodistrict Pamina<\/a><\/li><li><a href=\"https:\/\/www.pamina-business.com\/de\/volontariat-interreg-volunteer-youth-aupres-de-leurodistrict-pamina\/\">Volontariat Interreg Volunteer Youth aupr\u00e8s de l&#8217;Eurodistrict Pamina<\/a><\/li><li><a href=\"https:\/\/www.pamina-business.com\/de\/veranstaltungen-des-grenzueberschreitenden-pamina-business-clubs\/\">Veranstaltungen des grenz\u00fcberschreitenden PAMINA Business Clubs<\/a><\/li><li><a href=\"https:\/\/www.pamina-business.com\/de\/die-konjunktur-in-der-grossregion-im-3-quartal-2019\/\">Die Konjunktur in der Gro\u00dfregion im 3. Quartal 2019:<\/a><\/li><li><a href=\"https:\/\/www.pamina-business.com\/de\/la-conjoncture-dans-la-grande-region-au-3e-trimestre-2019\/\">La conjoncture dans la Grande R\u00e9gion au 3e trimestre 2019.<\/a><\/li><li><a href=\"https:\/\/www.pamina-business.com\/de\/rabattierung-auf-teilnahmegebuehr-kongress-energieautonome-kommunen-2020\/\">Rabattierung auf Teilnahmegeb\u00fchr Kongress Energieautonome Kommunen 2020 \u00a0<\/a><\/li><li><a href=\"https:\/\/www.pamina-business.com\/de\/save-the-date-4-mobilitaetswende-am-16-juni-2020-in-baden-beaden\/\">Save the date : 4. Mobilit\u00e4tswende am 16. juni 2020 in Baden-Baden<\/a><\/li><li><a href=\"https:\/\/www.pamina-business.com\/de\/implantation-de-gusto-palatino-a-drachenbronn\/\">Implantation de Gusto Palatino \u00e0 Drachenbronn<\/a><\/li><li><a href=\"https:\/\/www.pamina-business.com\/de\/der-jugend-am-oberrhein-eine-stimme-geben-treffen-am-13-februar-2020\/\">Der Jugend am Oberrhein eine Stimme geben : Treffen am 13. Februar 2020<\/a><\/li><li><a href=\"https:\/\/www.pamina-business.com\/de\/donner-la-parole-aux-jeunes-du-rhin-superieur-reunion-le-13-fevrier-2020\/\">Donner la parole aux jeunes du Rhin Sup\u00e9rieur : r\u00e9union le 13 f\u00e9vrier 2020<\/a><\/li><li><a href=\"https:\/\/www.pamina-business.com\/de\/education-bilinguisme-le-6-fevier-2020-a-karlsruhe\/\">\u00c9ducation &#038; Bilinguisme le 6 f\u00e9vier 2020 \u00e0 Karlsruhe<\/a><\/li><li><a href=\"https:\/\/www.pamina-business.com\/de\/bildung-zweisprachigkeit-am-6-februar-2020-in-karlsruhe\/\">Bildung &#038; Zweisprachigkeit am 6. Februar 2020 in Karlsruhe<\/a><\/li><li><a href=\"https:\/\/www.pamina-business.com\/de\/pamina-jugendkonferenz-klimaschutz-am-15-16-mai-2020-in-lauterbourg\/\">PAMINA-Jugendkonferenz: Klimaschutz am 15. &#038; 16 Mai 2020 in Lauterbourg<\/a><\/li><li><a href=\"https:\/\/www.pamina-business.com\/de\/conference-des-jeunes-pamina-protection-du-climat-les-15-16-mai-2020-a-lauterbourg\/\">Conf\u00e9rence des jeunes PAMINA : Protection du climat les 15 &#038; 16 mai 2020 \u00e0 Lauterbourg<\/a><\/li><li><a href=\"https:\/\/www.pamina-business.com\/de\/trion-climate-und-geotherm-expocongress\/\">TRION-climate und GeoTHERM &#8211; expo&#038;congress<\/a><\/li><li><a href=\"https:\/\/www.pamina-business.com\/de\/le-calendrier-des-vacances-scolaires-pamina-est-disponible\/\">Le calendrier des vacances scolaires PAMINA est disponible<\/a><\/li><li><a href=\"https:\/\/www.pamina-business.com\/de\/der-pamina-ferienkalender-ist-erschienen\/\">Der PAMINA Ferienkalender ist erschienen<\/a><\/li><li><a href=\"https:\/\/www.pamina-business.com\/de\/smart-production-delegationsreise-des-pamina-business-club-fuehrte-im-november-2019-in-muenchner-innovationszentren\/\">Smart Production\u201c-Delegationsreise des PAMINA Business Club f\u00fchrte im November 2019  in M\u00fcnchner Innovationszentren\u00a0<\/a><\/li><li><a href=\"https:\/\/www.pamina-business.com\/de\/dialogforum-kultur-perspektive-publikum-pamina-am-5-februar-2020-in-rastatt\/\">Dialogforum Kultur PERSPEKTIVE PUBLIKUM PAMINA am 5. Februar 2020 in Rastatt<\/a><\/li><li><a href=\"https:\/\/www.pamina-business.com\/de\/forum-culture-perspective-public-pamina-le-5-fevrier-2020-a-rastatt\/\">Forum Culture PERSPECTIVE PUBLIC PAMINA le 5 F\u00e9vrier 2020 \u00e0 Rastatt<\/a><\/li><li><a href=\"https:\/\/www.pamina-business.com\/de\/bundesrat-billigt-aachener-vertrag\/\">Bundesrat billigt Aachener Vertrag<\/a><\/li><li><a href=\"https:\/\/www.pamina-business.com\/de\/de-lintelligence-collective-a-loeuvre-chez-bdr-thermea-a-mertzwiller\/\">De l\u2019intelligence collective \u00e0 l\u2019oeuvre chez BDR THERMEA \u00e0 Mertzwiller<\/a><\/li><li><a href=\"https:\/\/www.pamina-business.com\/de\/deutsch-franzoesicher-tag-im-ccfa-am-6-februar-2020\/\">Deutsch-Franz\u00f6sicher Tag im CCFA am 6. Februar 2020<\/a><\/li><li><a href=\"https:\/\/www.pamina-business.com\/de\/journee-franco-allemande-au-ccfa-le-6-fevrier-2020\/\">Journ\u00e9e franco-allemande au CCFA le 6 f\u00e9vrier 2020<\/a><\/li><li><a href=\"https:\/\/www.pamina-business.com\/de\/pamina-business-club-treffen-in-der-pfalz-und-delegationsreise-nach-muenchen\/\">PAMINA BUSINESS CLUB : Treffen in der Pfalz und Delegationsreise nach M\u00fcnchen.<\/a><\/li><li><a href=\"https:\/\/www.pamina-business.com\/de\/gericht-weist-klage-gegen-zweite-rheinbruecke-ab\/\">Gericht weist Klage gegen zweite Rheinbr\u00fccke ab.<\/a><\/li><li><a href=\"https:\/\/www.pamina-business.com\/de\/une-strategie-2030-pour-la-region-metropolitaine-trinationale-rmt-du-rhin-superieur\/\">Une strat\u00e9gie 2030 pour la R\u00e9gion M\u00e9tropolitaine Trinationale (RMT) du Rhin sup\u00e9rieur<\/a><\/li><li><a href=\"https:\/\/www.pamina-business.com\/de\/la-collectivite-europeenne-dalsace-et-la-cooperation-transfrontaliere-que-dit-la-loi\/\">La Collectivit\u00e9 Europ\u00e9enne d&#8217;Alsace et la coop\u00e9ration transfrontali\u00e8re : que dit la loi ?<\/a><\/li><li><a href=\"https:\/\/www.pamina-business.com\/de\/auftaktveranstaltung-des-interreg-v-projektes-res-tmo-3-12-19-universitaet-freiburg\/\">Auftaktveranstaltung des Interreg-V-Projektes &#8222;RES-TMO&#8220; &#8211; 3.12.19 &#8211; Universit\u00e4t Freiburg<\/a><\/li><li><a href=\"https:\/\/www.pamina-business.com\/de\/haguenau-landau-on-vous-y-emmene-en-bus\/\">Haguenau &#8211; Landau : on vous y emm\u00e8ne en bus !<\/a><\/li><li><a href=\"https:\/\/www.pamina-business.com\/de\/netzwerk-industrie-4-0-1-cluster-regio-point-am-17-12-19-in-rastatt\/\">Netzwerk Industrie 4.0 : 1. Cluster-Regio-Point am 17.12.19 in Rastatt<\/a><\/li><\/ul><\/div>\n","protected":false},"excerpt":{"rendered":"","protected":false},"author":4,"featured_media":0,"parent":0,"menu_order":0,"comment_status":"closed","ping_status":"open","template":"","meta":{"_exactmetrics_skip_tracking":false,"_exactmetrics_sitenote_active":false,"_exactmetrics_sitenote_note":"","_exactmetrics_sitenote_category":0,"footnotes":""},"class_list":["post-201","page","type-page","status-publish","hentry"],"yoast_head":"<!-- This site is optimized with the Yoast SEO plugin v23.5 - https:\/\/yoast.com\/wordpress\/plugins\/seo\/ -->\n<title>Sitemap - PAMINA Business Club<\/title>\n<meta name=\"robots\" content=\"index, follow, max-snippet:-1, max-image-preview:large, max-video-preview:-1\" \/>\n<link rel=\"canonical\" href=\"https:\/\/www.pamina-business.com\/de\/sitemap\/\" \/>\n<meta property=\"og:locale\" content=\"de_DE\" \/>\n<meta property=\"og:type\" content=\"article\" \/>\n<meta property=\"og:title\" content=\"Sitemap - PAMINA Business Club\" \/>\n<meta property=\"og:url\" content=\"https:\/\/www.pamina-business.com\/de\/sitemap\/\" \/>\n<meta property=\"og:site_name\" content=\"PAMINA Business Club\" \/>\n<meta name=\"twitter:card\" content=\"summary_large_image\" \/>\n<script type=\"application\/ld+json\" class=\"yoast-schema-graph\">{\"@context\":\"https:\/\/schema.org\",\"@graph\":[{\"@type\":\"WebPage\",\"@id\":\"https:\/\/www.pamina-business.com\/de\/sitemap\/\",\"url\":\"https:\/\/www.pamina-business.com\/de\/sitemap\/\",\"name\":\"Sitemap - PAMINA Business Club\",\"isPartOf\":{\"@id\":\"https:\/\/www.pamina-business.com\/en\/#website\"},\"datePublished\":\"2015-02-09T15:27:01+00:00\",\"dateModified\":\"2015-02-09T15:27:01+00:00\",\"breadcrumb\":{\"@id\":\"https:\/\/www.pamina-business.com\/de\/sitemap\/#breadcrumb\"},\"inLanguage\":\"de\",\"potentialAction\":[{\"@type\":\"ReadAction\",\"target\":[\"https:\/\/www.pamina-business.com\/de\/sitemap\/\"]}]},{\"@type\":\"BreadcrumbList\",\"@id\":\"https:\/\/www.pamina-business.com\/de\/sitemap\/#breadcrumb\",\"itemListElement\":[{\"@type\":\"ListItem\",\"position\":1,\"name\":\"Accueil\",\"item\":\"https:\/\/www.pamina-business.com\/de\/\"},{\"@type\":\"ListItem\",\"position\":2,\"name\":\"Sitemap\"}]},{\"@type\":\"WebSite\",\"@id\":\"https:\/\/www.pamina-business.com\/en\/#website\",\"url\":\"https:\/\/www.pamina-business.com\/en\/\",\"name\":\"PAMINA Business Club\",\"description\":\"Un site utilisant WordPress\",\"potentialAction\":[{\"@type\":\"SearchAction\",\"target\":{\"@type\":\"EntryPoint\",\"urlTemplate\":\"https:\/\/www.pamina-business.com\/en\/?s={search_term_string}\"},\"query-input\":{\"@type\":\"PropertyValueSpecification\",\"valueRequired\":true,\"valueName\":\"search_term_string\"}}],\"inLanguage\":\"de\"}]}<\/script>\n<!-- \/ Yoast SEO plugin. -->","yoast_head_json":{"title":"Sitemap - PAMINA Business Club","robots":{"index":"index","follow":"follow","max-snippet":"max-snippet:-1","max-image-preview":"max-image-preview:large","max-video-preview":"max-video-preview:-1"},"canonical":"https:\/\/www.pamina-business.com\/de\/sitemap\/","og_locale":"de_DE","og_type":"article","og_title":"Sitemap - PAMINA Business Club","og_url":"https:\/\/www.pamina-business.com\/de\/sitemap\/","og_site_name":"PAMINA Business Club","twitter_card":"summary_large_image","schema":{"@context":"https:\/\/schema.org","@graph":[{"@type":"WebPage","@id":"https:\/\/www.pamina-business.com\/de\/sitemap\/","url":"https:\/\/www.pamina-business.com\/de\/sitemap\/","name":"Sitemap - PAMINA Business Club","isPartOf":{"@id":"https:\/\/www.pamina-business.com\/en\/#website"},"datePublished":"2015-02-09T15:27:01+00:00","dateModified":"2015-02-09T15:27:01+00:00","breadcrumb":{"@id":"https:\/\/www.pamina-business.com\/de\/sitemap\/#breadcrumb"},"inLanguage":"de","potentialAction":[{"@type":"ReadAction","target":["https:\/\/www.pamina-business.com\/de\/sitemap\/"]}]},{"@type":"BreadcrumbList","@id":"https:\/\/www.pamina-business.com\/de\/sitemap\/#breadcrumb","itemListElement":[{"@type":"ListItem","position":1,"name":"Accueil","item":"https:\/\/www.pamina-business.com\/de\/"},{"@type":"ListItem","position":2,"name":"Sitemap"}]},{"@type":"WebSite","@id":"https:\/\/www.pamina-business.com\/en\/#website","url":"https:\/\/www.pamina-business.com\/en\/","name":"PAMINA Business Club","description":"Un site utilisant WordPress","potentialAction":[{"@type":"SearchAction","target":{"@type":"EntryPoint","urlTemplate":"https:\/\/www.pamina-business.com\/en\/?s={search_term_string}"},"query-input":{"@type":"PropertyValueSpecification","valueRequired":true,"valueName":"search_term_string"}}],"inLanguage":"de"}]}},"_links":{"self":[{"href":"https:\/\/www.pamina-business.com\/de\/wp-json\/wp\/v2\/pages\/201","targetHints":{"allow":["GET"]}}],"collection":[{"href":"https:\/\/www.pamina-business.com\/de\/wp-json\/wp\/v2\/pages"}],"about":[{"href":"https:\/\/www.pamina-business.com\/de\/wp-json\/wp\/v2\/types\/page"}],"author":[{"embeddable":true,"href":"https:\/\/www.pamina-business.com\/de\/wp-json\/wp\/v2\/users\/4"}],"replies":[{"embeddable":true,"href":"https:\/\/www.pamina-business.com\/de\/wp-json\/wp\/v2\/comments?post=201"}],"version-history":[{"count":1,"href":"https:\/\/www.pamina-business.com\/de\/wp-json\/wp\/v2\/pages\/201\/revisions"}],"predecessor-version":[{"id":202,"href":"https:\/\/www.pamina-business.com\/de\/wp-json\/wp\/v2\/pages\/201\/revisions\/202"}],"wp:attachment":[{"href":"https:\/\/www.pamina-business.com\/de\/wp-json\/wp\/v2\/media?parent=201"}],"curies":[{"name":"wp","href":"https:\/\/api.w.org\/{rel}","templated":true}]}}