{"id":198,"date":"2015-02-09T15:18:06","date_gmt":"2015-02-09T15:18:06","guid":{"rendered":"http:\/\/www.pamina-business.com\/mentions-legales-2\/"},"modified":"2021-01-26T14:56:30","modified_gmt":"2021-01-26T14:56:30","slug":"impressum","status":"publish","type":"page","link":"https:\/\/www.pamina-business.com\/de\/impressum\/","title":{"rendered":"Impressum"},"content":{"rendered":"<div class=\"art-postcontent clearfix\">\n<div class=\"art-article\">\n<h1>Imprint<\/h1>\n<p><strong>Vincent Froehlicher <\/strong><\/p>\n<p><strong>ADIRA<\/strong><\/p>\n<p>3 quai Kl\u00e9ber &#8211; Le S\u00e9bastopol<br \/>\nTelefon: 33 3 88 52 82 82<br \/>\nE-Mail: &#109;&#x61;t&#104;&#x69;l&#100;&#x65;&#46;&#108;&#x61;f&#97;&#x79;e&#64;&#x61;d&#105;&#x72;a&#46;&#x63;o&#109;<\/p>\n<p>&nbsp;<\/p>\n<p><strong>Copyright und Haftungsausschluss:<\/strong><br \/>\nDie von der PAMINA Business Club nicht genehmigte Verwendung einzelner Elemente, ganzer Bereiche oder Seiten (ausgenommen der ausdr\u00fccklich zu diesem Zweck bereitgestellten Daten) werden rechtlich verfolgt. Obwohl s\u00e4mtliche Inhalte unseres Online-Angebotes sorgf\u00e4ltig und regelm\u00e4\u00dfig gepr\u00fcft werden, kann die\u00a0Wirtschaftsf\u00f6rderung Karlsruhe keine Gew\u00e4hr f\u00fcr deren Richtigkeit und Vollst\u00e4ndigkeit \u00fcbernehmen. Die\u00a0Wirtschaftsf\u00f6rderung Karlsruhe hat die auf dieser Seite verlinkten Seiten mit gr\u00f6\u00dftm\u00f6glicher zumutbarer Sorgfalt gepr\u00fcft. Sie weist jedoch ausdr\u00fccklich darauf hin, dass sie f\u00fcr die Inhalte solcher Seiten nicht verantwortlich ist, jegliche Haftung ablehnt und sich die Inhalte dieser Seiten nicht zu Eigen macht.<\/p>\n<p>&nbsp;<\/p>\n<h2>Hinweis:<\/h2>\n<p>Diese Website benutzt Google Analytics, einen Webanalysedienst der Google Inc. (Google) Google Analytics verwendet sog. Cookies, Textdateien, die auf Ihrem Computer gespeichert werden und die eine Analyse der Benutzung der Website durch Sie erm\u00f6glicht. Die durch den Cookie erzeugten Informationen \u00fcber Ihre Benutzung dieser Website (einschlie\u00dflich Ihrer IP-Adresse) wird an einen Server von Google in den USA \u00fcbertragen und dort gespeichert. Google wird diese Informationen benutzen, um Ihre Nutzung der Website auszuwerten, um Reports \u00fcber die Websiteaktivit\u00e4ten f\u00fcr die Websitebetreiber zusammenzustellen und um weitere mit der Websitenutzung und der Internetnutzung verbundene Dienstleistungen zu erbringen. Auch wird Google diese Informationen gegebenenfalls an Dritte \u00fcbertragen, sofern dies gesetzlich vorgeschrieben oder soweit Dritte diese Daten im Auftrag von Google verarbeiten. Google wird in keinem Fall Ihre IP-Adresse mit anderen Daten der Google Inc. in Verbindung bringen. Sie k\u00f6nnen die Installation der Cookies durch eine entsprechende Einstellung Ihrer Browser Software verhindern; wir weisen Sie jedoch darauf hin, dass Sie in diesem Fall gegebenenfalls nicht s\u00e4mtliche Funktionen dieser Website voll umf\u00e4nglich nutzen k\u00f6nnen. Durch die Nutzung dieser Website erkl\u00e4ren Sie sich mit der Bearbeitung der \u00fcber Sie erhobenen Daten durch Google in der zuvor beschriebenen Art und Weise und zu dem zuvor benannten Zweck einverstanden.<\/p>\n<h2>Datenschutz<\/h2>\n<p>Ausf\u00fchrliche Informationen zum Datenschutz gibt es hier:<br \/>\n<a href=\"http:\/\/www.karlsruhe.de\/impressum\/datenschutz.de\" target=\"_blank\" rel=\"noopener\">Datenschutzerkl\u00e4rung der Stadt Karlsruhe<\/a><\/p>\n<p>\u00a9 2009 Wirtschaftsf\u00f6rderung Karlsruhe<\/p>\n<\/div>\n<\/div>\n","protected":false},"excerpt":{"rendered":"<p>Imprint Vincent Froehlicher ADIRA 3 quai Kl\u00e9ber &#8211; Le S\u00e9bastopol Telefon: 33 3 88 52 82 82 E-Mail: &#x6d;&#97;&#x74;&#104;i&#x6c;&#100;e&#x2e;&#108;&#x61;&#x66;a&#x79;&#101;&#64;&#x61;&#100;&#x69;&#x72;a&#x2e;&#99;o&#x6d; &nbsp; Copyright und Haftungsausschluss: Die von der PAMINA Business Club nicht genehmigte Verwendung einzelner Elemente, ganzer Bereiche oder Seiten (ausgenommen der ausdr\u00fccklich zu diesem Zweck bereitgestellten Daten) werden rechtlich verfolgt. Obwohl s\u00e4mtliche Inhalte unseres Online-Angebotes sorgf\u00e4ltig [&hellip;]<\/p>\n","protected":false},"author":4,"featured_media":0,"parent":0,"menu_order":0,"comment_status":"closed","ping_status":"open","template":"","meta":{"_exactmetrics_skip_tracking":false,"_exactmetrics_sitenote_active":false,"_exactmetrics_sitenote_note":"","_exactmetrics_sitenote_category":0,"footnotes":""},"class_list":["post-198","page","type-page","status-publish","hentry"],"yoast_head":"<!-- This site is optimized with the Yoast SEO plugin v23.5 - https:\/\/yoast.com\/wordpress\/plugins\/seo\/ -->\n<title>Impressum - PAMINA Business Club<\/title>\n<meta name=\"robots\" content=\"index, follow, max-snippet:-1, max-image-preview:large, max-video-preview:-1\" \/>\n<link rel=\"canonical\" href=\"http:\/\/www.pamina-business.com\/de\/impressum\/\" \/>\n<meta property=\"og:locale\" content=\"de_DE\" \/>\n<meta property=\"og:type\" content=\"article\" \/>\n<meta property=\"og:title\" content=\"Impressum - PAMINA Business Club\" \/>\n<meta property=\"og:description\" content=\"Imprint Vincent Froehlicher ADIRA 3 quai Kl\u00e9ber &#8211; Le S\u00e9bastopol Telefon: 33 3 88 52 82 82 E-Mail: &#109;&#x61;&#x74;h&#105;&#x6c;d&#101;&#x2e;&#x6c;&#097;&#x66;&#x61;y&#101;&#x40;a&#100;&#x69;&#x72;&#097;&#x2e;&#x63;o&#109; &nbsp; Copyright und Haftungsausschluss: Die von der PAMINA Business Club nicht genehmigte Verwendung einzelner Elemente, ganzer Bereiche oder Seiten (ausgenommen der ausdr\u00fccklich zu diesem Zweck bereitgestellten Daten) werden rechtlich verfolgt. Obwohl s\u00e4mtliche Inhalte unseres Online-Angebotes sorgf\u00e4ltig [&hellip;]\" \/>\n<meta property=\"og:url\" content=\"http:\/\/www.pamina-business.com\/de\/impressum\/\" \/>\n<meta property=\"og:site_name\" content=\"PAMINA Business Club\" \/>\n<meta property=\"article:modified_time\" content=\"2021-01-26T14:56:30+00:00\" \/>\n<meta name=\"twitter:card\" content=\"summary_large_image\" \/>\n<meta name=\"twitter:label1\" content=\"Gesch\u00e4tzte Lesezeit\" \/>\n\t<meta name=\"twitter:data1\" content=\"2\u00a0Minuten\" \/>\n<script type=\"application\/ld+json\" class=\"yoast-schema-graph\">{\"@context\":\"https:\/\/schema.org\",\"@graph\":[{\"@type\":\"WebPage\",\"@id\":\"http:\/\/www.pamina-business.com\/de\/impressum\/\",\"url\":\"http:\/\/www.pamina-business.com\/de\/impressum\/\",\"name\":\"Impressum - PAMINA Business Club\",\"isPartOf\":{\"@id\":\"http:\/\/www.pamina-business.com\/de\/#website\"},\"datePublished\":\"2015-02-09T15:18:06+00:00\",\"dateModified\":\"2021-01-26T14:56:30+00:00\",\"breadcrumb\":{\"@id\":\"http:\/\/www.pamina-business.com\/de\/impressum\/#breadcrumb\"},\"inLanguage\":\"de\",\"potentialAction\":[{\"@type\":\"ReadAction\",\"target\":[\"http:\/\/www.pamina-business.com\/de\/impressum\/\"]}]},{\"@type\":\"BreadcrumbList\",\"@id\":\"http:\/\/www.pamina-business.com\/de\/impressum\/#breadcrumb\",\"itemListElement\":[{\"@type\":\"ListItem\",\"position\":1,\"name\":\"Accueil\",\"item\":\"http:\/\/www.pamina-business.com\/de\/\"},{\"@type\":\"ListItem\",\"position\":2,\"name\":\"Impressum\"}]},{\"@type\":\"WebSite\",\"@id\":\"http:\/\/www.pamina-business.com\/de\/#website\",\"url\":\"http:\/\/www.pamina-business.com\/de\/\",\"name\":\"PAMINA Business Club\",\"description\":\"Un site utilisant WordPress\",\"potentialAction\":[{\"@type\":\"SearchAction\",\"target\":{\"@type\":\"EntryPoint\",\"urlTemplate\":\"http:\/\/www.pamina-business.com\/de\/?s={search_term_string}\"},\"query-input\":{\"@type\":\"PropertyValueSpecification\",\"valueRequired\":true,\"valueName\":\"search_term_string\"}}],\"inLanguage\":\"de\"}]}<\/script>\n<!-- \/ Yoast SEO plugin. -->","yoast_head_json":{"title":"Impressum - PAMINA Business Club","robots":{"index":"index","follow":"follow","max-snippet":"max-snippet:-1","max-image-preview":"max-image-preview:large","max-video-preview":"max-video-preview:-1"},"canonical":"http:\/\/www.pamina-business.com\/de\/impressum\/","og_locale":"de_DE","og_type":"article","og_title":"Impressum - PAMINA Business Club","og_description":"Imprint Vincent Froehlicher ADIRA 3 quai Kl\u00e9ber &#8211; Le S\u00e9bastopol Telefon: 33 3 88 52 82 82 E-Mail: &#109;&#x61;&#x74;h&#105;&#x6c;d&#101;&#x2e;&#x6c;&#97;&#x66;&#x61;y&#101;&#x40;a&#100;&#x69;&#x72;&#97;&#x2e;&#x63;o&#109; &nbsp; Copyright und Haftungsausschluss: Die von der PAMINA Business Club nicht genehmigte Verwendung einzelner Elemente, ganzer Bereiche oder Seiten (ausgenommen der ausdr\u00fccklich zu diesem Zweck bereitgestellten Daten) werden rechtlich verfolgt. Obwohl s\u00e4mtliche Inhalte unseres Online-Angebotes sorgf\u00e4ltig [&hellip;]","og_url":"http:\/\/www.pamina-business.com\/de\/impressum\/","og_site_name":"PAMINA Business Club","article_modified_time":"2021-01-26T14:56:30+00:00","twitter_card":"summary_large_image","twitter_misc":{"Gesch\u00e4tzte Lesezeit":"2\u00a0Minuten"},"schema":{"@context":"https:\/\/schema.org","@graph":[{"@type":"WebPage","@id":"http:\/\/www.pamina-business.com\/de\/impressum\/","url":"http:\/\/www.pamina-business.com\/de\/impressum\/","name":"Impressum - PAMINA Business Club","isPartOf":{"@id":"http:\/\/www.pamina-business.com\/de\/#website"},"datePublished":"2015-02-09T15:18:06+00:00","dateModified":"2021-01-26T14:56:30+00:00","breadcrumb":{"@id":"http:\/\/www.pamina-business.com\/de\/impressum\/#breadcrumb"},"inLanguage":"de","potentialAction":[{"@type":"ReadAction","target":["http:\/\/www.pamina-business.com\/de\/impressum\/"]}]},{"@type":"BreadcrumbList","@id":"http:\/\/www.pamina-business.com\/de\/impressum\/#breadcrumb","itemListElement":[{"@type":"ListItem","position":1,"name":"Accueil","item":"http:\/\/www.pamina-business.com\/de\/"},{"@type":"ListItem","position":2,"name":"Impressum"}]},{"@type":"WebSite","@id":"http:\/\/www.pamina-business.com\/de\/#website","url":"http:\/\/www.pamina-business.com\/de\/","name":"PAMINA Business Club","description":"Un site utilisant WordPress","potentialAction":[{"@type":"SearchAction","target":{"@type":"EntryPoint","urlTemplate":"http:\/\/www.pamina-business.com\/de\/?s={search_term_string}"},"query-input":{"@type":"PropertyValueSpecification","valueRequired":true,"valueName":"search_term_string"}}],"inLanguage":"de"}]}},"_links":{"self":[{"href":"https:\/\/www.pamina-business.com\/de\/wp-json\/wp\/v2\/pages\/198","targetHints":{"allow":["GET"]}}],"collection":[{"href":"https:\/\/www.pamina-business.com\/de\/wp-json\/wp\/v2\/pages"}],"about":[{"href":"https:\/\/www.pamina-business.com\/de\/wp-json\/wp\/v2\/types\/page"}],"author":[{"embeddable":true,"href":"https:\/\/www.pamina-business.com\/de\/wp-json\/wp\/v2\/users\/4"}],"replies":[{"embeddable":true,"href":"https:\/\/www.pamina-business.com\/de\/wp-json\/wp\/v2\/comments?post=198"}],"version-history":[{"count":4,"href":"https:\/\/www.pamina-business.com\/de\/wp-json\/wp\/v2\/pages\/198\/revisions"}],"predecessor-version":[{"id":4694,"href":"https:\/\/www.pamina-business.com\/de\/wp-json\/wp\/v2\/pages\/198\/revisions\/4694"}],"wp:attachment":[{"href":"https:\/\/www.pamina-business.com\/de\/wp-json\/wp\/v2\/media?parent=198"}],"curies":[{"name":"wp","href":"https:\/\/api.w.org\/{rel}","templated":true}]}}