{"id":203,"date":"2015-02-09T15:27:01","date_gmt":"2015-02-09T15:27:01","guid":{"rendered":"http:\/\/www.pamina-business.com\/sitemap-2\/"},"modified":"2015-02-09T15:27:01","modified_gmt":"2015-02-09T15:27:01","slug":"sitemap","status":"publish","type":"page","link":"http:\/\/www.pamina-business.com\/en\/sitemap\/","title":{"rendered":"Sitemap"},"content":{"rendered":"<div class=\"manage-pagepost\"><ul class=\"manage_page\"><h3>Pages<\/h3><li class=\"page_item page-item-54\"><a href=\"http:\/\/www.pamina-business.com\/en\/about-us\/\">About us<\/a><\/li>\n<li class=\"page_item page-item-94\"><a href=\"http:\/\/www.pamina-business.com\/en\/\">Accueil<\/a><\/li>\n<li class=\"page_item page-item-84\"><a href=\"http:\/\/www.pamina-business.com\/en\/contact-2\/\">Contact<\/a><\/li>\n<li class=\"page_item page-item-197\"><a href=\"http:\/\/www.pamina-business.com\/en\/legal-notice\/\">Legal notice<\/a><\/li>\n<li class=\"page_item page-item-71\"><a href=\"http:\/\/www.pamina-business.com\/en\/map\/\">Map<\/a><\/li>\n<li class=\"page_item page-item-65\"><a href=\"http:\/\/www.pamina-business.com\/en\/members\/\">Partners<\/a><\/li>\n<li class=\"page_item page-item-73\"><a href=\"http:\/\/www.pamina-business.com\/en\/ressource\/\">Ressource<\/a><\/li>\n<li class=\"page_item page-item-203\"><a href=\"http:\/\/www.pamina-business.com\/en\/sitemap\/\">Sitemap<\/a><\/li>\n<\/ul><ul class=\"manage_post\"><h3>posts<\/h3><li><a href=\"http:\/\/www.pamina-business.com\/en\/retrouvez-nos-dernieres-actualites-sur-linkedin\/\">Retrouvez nos derni\u00e8res actualit\u00e9s sur LINKEDIN<\/a><\/li><li><a href=\"http:\/\/www.pamina-business.com\/en\/repondez-a-lenquete-sur-la-valeur-ajoutee-des-relations-economiques-franco-allemandes-pour-les-entreprises\/\">R\u00e9pondez \u00e0 l&#8217;enqu\u00eate sur la valeur ajout\u00e9e des relations \u00e9conomiques franco-allemandes pour les entreprises !<\/a><\/li><li><a href=\"http:\/\/www.pamina-business.com\/en\/lemploi-transfrontalier-entre-la-france-et-lallemagne-reglementations-sociales-et-fiscales\/\">L&#8217;emploi transfrontalier entre la France et l&#8217;Allemagne. R\u00e9glementations sociales et fiscales<\/a><\/li><li><a href=\"http:\/\/www.pamina-business.com\/en\/neo2022-prix-de-linnovation-de-la-technologieregion-de-karlsruhe\/\">NEO2022 \u2013 Prix de l&#8217;innovation de la TechnologieRegion de Karlsruhe<\/a><\/li><li><a href=\"http:\/\/www.pamina-business.com\/en\/evenement-transformation-de-leconomie-regionale-de-lautomobile\/\">Ev\u00e9nement &#8220;Transformation de l&#8217;\u00e9conomie r\u00e9gionale de l&#8217;automobile&#8221;<\/a><\/li><li><a href=\"http:\/\/www.pamina-business.com\/en\/bourse-de-cooperation-franco-allemande-sur-lintelligence-artificielle-dans-lindustrie-4-0-le-17-mars-2022\/\">Bourse de coop\u00e9ration franco-allemande sur l&#8217;intelligence artificielle dans l&#8217;industrie 4.0 le 17 mars 2022<\/a><\/li><li><a href=\"http:\/\/www.pamina-business.com\/en\/le-pamina-business-club-se-relance-en-presentiel\/\">Le PAMINA Business Club se relance en pr\u00e9sentiel !<\/a><\/li><li><a href=\"http:\/\/www.pamina-business.com\/en\/teamup-goes-international-ou-trouver-ses-cofondateurs-chez-teamup\/\">TeamUp goes international &#8211; O\u00f9 trouver ses cofondateurs ? Chez TeamUp !<\/a><\/li><li><a href=\"http:\/\/www.pamina-business.com\/en\/innovation-day-upper-rhine-avril-2022\/\">Innovation Day Upper Rhine \u2013 Avril 2022<\/a><\/li><li><a href=\"http:\/\/www.pamina-business.com\/en\/neo2021-prix-de-linnovation-de-la-technologieregion-de-karlsruhe\/\">NEO2021 \u2013 Prix de l\u2019innovation de la TechnologieRegion de Karlsruhe<\/a><\/li><li><a href=\"http:\/\/www.pamina-business.com\/en\/bourse-de-cooperation-franco-allemande-sur-lintelligence-artificielle-dans-lindustrie-4-0-le-18-mai-2021\/\">Bourse de coop\u00e9ration franco-allemande sur l&#8217;intelligence artificielle dans l&#8217;industrie 4.0 le 18 mai 2021<\/a><\/li><li><a href=\"http:\/\/www.pamina-business.com\/en\/lihk-karlsruhe-distribue-des-tests-rapides-aux-entreprises-employant-des-frontaliers\/\">L&#8217;IHK Karlsruhe distribue des tests rapides aux entreprises employant des frontaliers<\/a><\/li><li><a href=\"http:\/\/www.pamina-business.com\/en\/singami-un-incubateur-transfrontalier\/\">SING&#038;Ami : un incubateur transfrontalier<\/a><\/li><li><a href=\"http:\/\/www.pamina-business.com\/en\/alliance-de-la-technologie-de-la-gastronomie-et-de-la-mobilite\/\">Alliance de la technologie, de la gastronomie et de la mobilit\u00e9<\/a><\/li><li><a href=\"http:\/\/www.pamina-business.com\/en\/6eme-congres-trinational-sur-le-climat-lamenagement-au-service-de-la-protection-du-climat\/\">6\u00e8me Congr\u00e8s trinational sur le climat : L\u2019am\u00e9nagement au service de la protection du climat<\/a><\/li><li><a href=\"http:\/\/www.pamina-business.com\/en\/message-du-president\/\">Message du Pr\u00e9sident<\/a><\/li><li><a href=\"http:\/\/www.pamina-business.com\/en\/les-journees-virtuelles-de-lentrepreneuriat-du-27-au-29-juillet-2020-erfolg-hat-drei-buchstaben-tun\/\">Les journ\u00e9es virtuelles de l\u2019entrepreneuriat \u2013 du 27 au 29 juillet 2020 \u201eErfolg hat drei Buchstaben: TUN\u201c<\/a><\/li><li><a href=\"http:\/\/www.pamina-business.com\/en\/reunion-du-groupe-danimation-pamina-par-videoconference\/\">R\u00e9union du Groupe d&#8217;Animation PAMINA par vid\u00e9oconf\u00e9rence le 20 mai 2020<\/a><\/li><li><a href=\"http:\/\/www.pamina-business.com\/en\/covid-9-le-quotidien-transfrontalier\/\">Covid-19 : le quotidien transfrontalier<\/a><\/li><li><a href=\"http:\/\/www.pamina-business.com\/en\/nouveau-fonds-citoyen-franco-allemand\/\">Nouveau Fonds citoyen franco-allemand<\/a><\/li><li><a href=\"http:\/\/www.pamina-business.com\/en\/covid-19-informations-importantes-de-leurodistrict-pamina\/\">COVID 19 : Informations importantes de l&#8217;Eurodistrict Pamina<\/a><\/li><li><a href=\"http:\/\/www.pamina-business.com\/en\/crise-du-covid-19-et-pamina-business-club\/\">Crise du Covid-19 et Pamina Business Club<\/a><\/li><li><a href=\"http:\/\/www.pamina-business.com\/en\/4536\/\">Coronacanal.de<\/a><\/li><li><a href=\"http:\/\/www.pamina-business.com\/en\/covid-19-informations-de-leurodistrict-pamina-2\/\">COVID 19 : Informations de l&#8217;Eurodistrict Pamina<\/a><\/li><li><a href=\"http:\/\/www.pamina-business.com\/en\/covid-19-mesures-prises-par-la-ville-de-haguenau-pour-lactivite-economiqueels-entreprises\/\">COVID 19  : Mesures prises par la ville de Haguenau pour l&#8217;activit\u00e9 \u00e9conomique des entreprises<\/a><\/li><li><a href=\"http:\/\/www.pamina-business.com\/en\/covid-19-informations-de-leurodistrict-pamina\/\">COVID 19 : Informations de l&#8217;Eurodistrict Pamina<\/a><\/li><li><a href=\"http:\/\/www.pamina-business.com\/en\/dialogforum-kultur-perspektive-publikum-pamina-le-5-fevrier-2020-a-rastatt\/\">Dialogforum Kultur Perspektive Publikum PAMINA le 5 f\u00e9vrier 2020 \u00e0 Rastatt<\/a><\/li><li><a href=\"http:\/\/www.pamina-business.com\/en\/offre-de-stage-universite-populaire-pamina\/\">Offre de stage : Universit\u00e9 Populaire PAMINA<\/a><\/li><li><a href=\"http:\/\/www.pamina-business.com\/en\/robotique-en-alsace-eepi-robotics-et-elyotec-sunissent\/\">Robotique en Alsace : EEPI ROBOTICS et ELYOTEC s\u2019unissent !<\/a><\/li><li><a href=\"http:\/\/www.pamina-business.com\/en\/landau-on-vous-y-emmene-2\/\">Landau : on vous y emm\u00e8ne !<\/a><\/li><li><a href=\"http:\/\/www.pamina-business.com\/en\/club-dentreprise-territoire-de-haguenau-reunion-le-13-fevrier-2020\/\">Club d&#8217;entreprise &#8211; Territoire de HAGUENAU : r\u00e9union le 13 f\u00e9vrier 2020<\/a><\/li><li><a href=\"http:\/\/www.pamina-business.com\/en\/passe-partout-weltenbummler-webinaires-a-partir-du-12-fevrier-2020\/\">Passe-Partout &#8211; Weltenbummler : Webinaires \u00e0 partir du 12 f\u00e9vrier 2020<\/a><\/li><li><a href=\"http:\/\/www.pamina-business.com\/en\/volontariat-interreg-volunteer-youth-aupres-de-leurodistrict-pamina\/\">Volontariat Interreg Volunteer Youth aupr\u00e8s de l&#8217;Eurodistrict Pamina<\/a><\/li><li><a href=\"http:\/\/www.pamina-business.com\/en\/la-conjoncture-dans-la-grande-region-au-3e-trimestre-2019\/\">La conjoncture dans la Grande R\u00e9gion au 3e trimestre 2019.<\/a><\/li><li><a href=\"http:\/\/www.pamina-business.com\/en\/implantation-de-gusto-palatino-a-drachenbronn\/\">Implantation de Gusto Palatino \u00e0 Drachenbronn<\/a><\/li><li><a href=\"http:\/\/www.pamina-business.com\/en\/donner-la-parole-aux-jeunes-du-rhin-superieur-reunion-le-13-fevrier-2020\/\">Donner la parole aux jeunes du Rhin Sup\u00e9rieur : r\u00e9union le 13 f\u00e9vrier 2020<\/a><\/li><li><a href=\"http:\/\/www.pamina-business.com\/en\/education-bilinguisme-le-6-fevier-2020-a-karlsruhe\/\">\u00c9ducation &#038; Bilinguisme le 6 f\u00e9vier 2020 \u00e0 Karlsruhe<\/a><\/li><li><a href=\"http:\/\/www.pamina-business.com\/en\/conference-des-jeunes-pamina-protection-du-climat-les-15-16-mai-2020-a-lauterbourg\/\">Conf\u00e9rence des jeunes PAMINA : Protection du climat les 15 &#038; 16 mai 2020 \u00e0 Lauterbourg<\/a><\/li><li><a href=\"http:\/\/www.pamina-business.com\/en\/le-calendrier-des-vacances-scolaires-pamina-est-disponible\/\">Le calendrier des vacances scolaires PAMINA est disponible<\/a><\/li><li><a href=\"http:\/\/www.pamina-business.com\/en\/forum-culture-perspective-public-pamina-le-5-fevrier-2020-a-rastatt\/\">Forum Culture PERSPECTIVE PUBLIC PAMINA le 5 F\u00e9vrier 2020 \u00e0 Rastatt<\/a><\/li><li><a href=\"http:\/\/www.pamina-business.com\/en\/de-lintelligence-collective-a-loeuvre-chez-bdr-thermea-a-mertzwiller\/\">De l\u2019intelligence collective \u00e0 l\u2019oeuvre chez BDR THERMEA \u00e0 Mertzwiller<\/a><\/li><li><a href=\"http:\/\/www.pamina-business.com\/en\/journee-franco-allemande-au-ccfa-le-6-fevrier-2020\/\">Journ\u00e9e franco-allemande au CCFA le 6 f\u00e9vrier 2020<\/a><\/li><li><a href=\"http:\/\/www.pamina-business.com\/en\/une-strategie-2030-pour-la-region-metropolitaine-trinationale-rmt-du-rhin-superieur\/\">Une strat\u00e9gie 2030 pour la R\u00e9gion M\u00e9tropolitaine Trinationale (RMT) du Rhin sup\u00e9rieur<\/a><\/li><li><a href=\"http:\/\/www.pamina-business.com\/en\/la-collectivite-europeenne-dalsace-et-la-cooperation-transfrontaliere-que-dit-la-loi\/\">La Collectivit\u00e9 Europ\u00e9enne d&#8217;Alsace et la coop\u00e9ration transfrontali\u00e8re : que dit la loi ?<\/a><\/li><li><a href=\"http:\/\/www.pamina-business.com\/en\/haguenau-landau-on-vous-y-emmene-en-bus\/\">Haguenau &#8211; Landau : on vous y emm\u00e8ne en bus !<\/a><\/li><li><a href=\"http:\/\/www.pamina-business.com\/en\/portes-ouvertes-le-19-janvier-2020-a-lauterbourg\/\">Portes ouvertes le 19 Janvier 2020 \u00e0 Lauterbourg<\/a><\/li><li><a href=\"http:\/\/www.pamina-business.com\/en\/assemblee-de-leurodistrict-pamina-le-6-decembre-2019-a-rastatt\/\">Assembl\u00e9e de l&#8217;Eurodistrict PAMINA le 6 D\u00e9cembre 2019 \u00e0 Rastatt<\/a><\/li><li><a href=\"http:\/\/www.pamina-business.com\/en\/la-cooperation-transfrontaliere-vue-par-les-chefs-dentreprise\/\">La coop\u00e9ration transfrontali\u00e8re vue par les chefs d\u2019entreprise<\/a><\/li><li><a href=\"http:\/\/www.pamina-business.com\/en\/business-trip-a-munich-avec-23-dirigeants-franco-allemands-a-munich\/\">Business trip \u00e0 Munich avec 23 dirigeants franco-allemands \u00e0 Munich<\/a><\/li><li><a href=\"http:\/\/www.pamina-business.com\/en\/promouvoir-linnovation-le-27-novembre-2019-a-mannheim\/\">Promouvoir l&#8217;innovation : le 27 novembre 2019 \u00e0 Mannheim<\/a><\/li><li><a href=\"http:\/\/www.pamina-business.com\/en\/euroservices-partner-logistique-e-commerce-a-wissembourg\/\">Euroservices Partner : logistique e-commerce \u00e0 Wissembourg<\/a><\/li><li><a href=\"http:\/\/www.pamina-business.com\/en\/b-solutions-projet-pilote-du-gect\/\">B-Solutions : Projet pilote du GECT<\/a><\/li><li><a href=\"http:\/\/www.pamina-business.com\/en\/transports-mobilite-dans-les-regions-transfrontalieres\/\">Transports &#038; mobilit\u00e9 dans les r\u00e9gions transfrontali\u00e8res<\/a><\/li><li><a href=\"http:\/\/www.pamina-business.com\/en\/congres-des-entreprises-publiques-locales-a-strasbourg-le-9-octobre-2019\/\">Congr\u00e8s des Entreprises Publiques Locales \u00e0 Strasbourg le 9 octobre 2019<\/a><\/li><li><a href=\"http:\/\/www.pamina-business.com\/en\/eurodistrict-strasbourg-ortenau-velo-transfrontalier-le-22-septembre-2019\/\">Eurodistrict Strasbourg-Ortenau : v\u00e9lo transfrontalier le 22 septembre 2019<\/a><\/li><li><a href=\"http:\/\/www.pamina-business.com\/en\/signature-a-toulouse-dun-declaration-franco-allemande-le-16-octobre-2019\/\">Signature \u00e0 Toulouse d&#8217;un d\u00e9claration franco-allemande le 16 octobre 2019<\/a><\/li><li><a href=\"http:\/\/www.pamina-business.com\/en\/1ere-rencontre-des-reseaux-industrie-4-0-franco-allemands-a-karlsruhe-les-1-et-2-octobre-2019\/\">1\u00e8re rencontre des r\u00e9seaux \u00abIndustrie 4.0\u00bb franco-allemands \u00e0 Karlsruhe les 1 et 2 octobre 2019<\/a><\/li><li><a href=\"http:\/\/www.pamina-business.com\/en\/workshop-franco-allemand-du-17-au-21-fevrier-2020-a-niederbronn-les-bains\/\">Workshop franco-allemand du 17 au 21 f\u00e9vrier 2020 \u00e0 Niederbronn-les-Bains<\/a><\/li><li><a href=\"http:\/\/www.pamina-business.com\/en\/journee-daction-pamina-2019-le-13-novembre-2019\/\">Journ\u00e9e d&#8217;Action PAMINA 2019 le 13 Novembre 2019<\/a><\/li><li><a href=\"http:\/\/www.pamina-business.com\/en\/journee-informative-transfrontaliere-sur-les-metiers-du-sanitaire-social-le-22-octobre-2019-a-lauterbourg\/\">Journ\u00e9e informative transfrontali\u00e8re sur les m\u00e9tiers du Sanitaire &#038; Social le 22 octobre 2019 \u00e0 Lauterbourg<\/a><\/li><li><a href=\"http:\/\/www.pamina-business.com\/en\/schaeffler-fete-ses-60-ans-a-haguenau\/\">Schaeffler f\u00eate ses 60 ans \u00e0 Haguenau<\/a><\/li><li><a href=\"http:\/\/www.pamina-business.com\/en\/semaine-franco-allemande-de-la-transition-energetique-2020\/\">Semaine franco-allemande de la transition \u00e9nerg\u00e9tique 2020<\/a><\/li><li><a href=\"http:\/\/www.pamina-business.com\/en\/trion-trinationaler-klima-und-energie-kongress-am-171019-in-basel\/\">TRION : Congr\u00e8s Trinational Climat et Energie le 17\/10\/19 \u00e0 B\u00e2le<\/a><\/li><li><a href=\"http:\/\/www.pamina-business.com\/en\/premiere-implantation-dentreprise-sur-la-zone-dactivites-de-woerth-sud\/\">Premi\u00e8re implantation d\u2019entreprise sur la zone d\u2019activit\u00e9s de Woerth-Sud<\/a><\/li><li><a href=\"http:\/\/www.pamina-business.com\/en\/actualites-de-la-mission-operationnelle-transfrontaliere\/\">Actualit\u00e9s de la Mission Op\u00e9rationnelle Transfrontali\u00e8re<\/a><\/li><li><a href=\"http:\/\/www.pamina-business.com\/en\/semaine-europeenne-des-villes-et-des-regions-atelier-sur-le-plurilinguisme-dans-les-regions-transfrontalieres-du-7-au-10-octobre-2019\/\">Semaine europ\u00e9enne des villes et des r\u00e9gions : Atelier sur le plurilinguisme dans les r\u00e9gions transfrontali\u00e8res du 7 au 10 octobre 2019<\/a><\/li><li><a href=\"http:\/\/www.pamina-business.com\/en\/rencontre-haguenau-landau-le-18-septembre-2018\/\">Rencontre Haguenau &#8211; Landau le 18 septembre 2018.<\/a><\/li><li><a href=\"http:\/\/www.pamina-business.com\/en\/offre-demploi-a-linfobest-pamina-du-24-septembre-2019-au-21-octobre-2019\/\">Offre d\u2019emploi \u00e0 l\u2019INFOBEST PAMINA Du 24 Septembre 2019 au 21 Octobre 2019<\/a><\/li><li><a href=\"http:\/\/www.pamina-business.com\/en\/workshop-trinational-industrie-4-0-le-260919-a-mulhouse\/\">Workshop trinational Industrie 4.0 le 26\/09\/19 \u00e0 Mulhouse<\/a><\/li><li><a href=\"http:\/\/www.pamina-business.com\/en\/semaine-europeenne-des-villes-et-des-regions-atelier-sur-le-plurilinguisme-dans-les-regions-transfrontalieres-le-9-octobre-2019\/\">Semaine europ\u00e9enne des villes et des r\u00e9gions : Atelier sur le plurilinguisme dans les r\u00e9gions transfrontali\u00e8res le 9 octobre 2019<\/a><\/li><li><a href=\"http:\/\/www.pamina-business.com\/en\/intelligence-artificielle-congres-franco-allemand-les-1-et-2-octobre-2019-a-karlsruhe\/\">Intelligence Artificielle : Congr\u00e8s Franco-Allemand les 1 et 2 octobre 2019 \u00e0 Karlsruhe<\/a><\/li><li><a href=\"http:\/\/www.pamina-business.com\/en\/nouveaux-appels-a-manifestation-dinteret-pour-les-objectifs-specifiques-4-5-6-9-et-10-du-programme-interreg-v-a-rhin-superieur\/\">Nouveaux appels \u00e0 manifestation d\u2019int\u00e9r\u00eat pour les objectifs sp\u00e9cifiques 4, 5, 6, 9 et 10 du programme INTERREG V A Rhin Sup\u00e9rieur<\/a><\/li><li><a href=\"http:\/\/www.pamina-business.com\/en\/conference-trion-lindustrie-gaziere-en-mutation-le-17-septembre-2019-strasbourg\/\">Conf\u00e9rence TRION : L&#8217;industrie gazi\u00e8re en mutation le 17 septembre 2019 Strasbourg<\/a><\/li><li><a href=\"http:\/\/www.pamina-business.com\/en\/appel-a-projets-operateurs-coop-serigraphie-strasbourg-projet-deux-rives\/\">Appel \u00e0 Projets Op\u00e9rateurs \u00ab Coop S\u00e9rigraphie \u00bb \/ Strasbourg Projet Deux-Rives<\/a><\/li><li><a href=\"http:\/\/www.pamina-business.com\/en\/1-er-congres-economie-et-spiritualite-a-freiburg\/\">1 er congr\u00e8s &#8220;Economie et Spiritualit\u00e9&#8221; \u00e0 Freiburg<\/a><\/li><li><a href=\"http:\/\/www.pamina-business.com\/en\/conference-trion-lindustrie-gaziere-en-mutation-le-17-septembre-2019-a-strasbourg\/\">Conf\u00e9rence TRION : &#8220;L&#8217;industrie gazi\u00e8re en mutation&#8221; le 17 Septembre 2019 \u00e0 Strasbourg.<\/a><\/li><li><a href=\"http:\/\/www.pamina-business.com\/en\/lactualite-transfrontaliere\/\">L&#8217;actualit\u00e9 transfrontali\u00e8re<\/a><\/li><li><a href=\"http:\/\/www.pamina-business.com\/en\/appel-a-projet-pour-le-quartier-de-la-coop-a-strasbourg\/\">Appel \u00e0 projet pour le quartier de la Coop \u00e0 Strasbourg<\/a><\/li><li><a href=\"http:\/\/www.pamina-business.com\/en\/fermeture-estivale-de-leurodistrict-pamina-a-lauterbourg\/\">Fermeture estivale de l&#8217;Eurodistrict Pamina \u00e0 Lauterbourg.<\/a><\/li><li><a href=\"http:\/\/www.pamina-business.com\/en\/5-eme-congres-trinational-climat-energie-le-17-10-2019-a-basel\/\">5 \u00e8me congr\u00e8s trinational climat-\u00e9nergie le 17.10.2019 \u00e0 Basel.<\/a><\/li><li><a href=\"http:\/\/www.pamina-business.com\/en\/un-appel-doffres-commun-pour-des-services-de-transport-ferroviaire-entre-france-et-allemagne\/\">Un appel d\u2019offres commun pour des services de transport ferroviaire entre France et Allemagne<\/a><\/li><li><a href=\"http:\/\/www.pamina-business.com\/en\/innovation-transfrontaliere-strasbourg-envisage-de-recuperer-la-chaleur-produite-par-lacierie-de-kehl\/\">Innovation transfrontali\u00e8re : Strasbourg envisage de r\u00e9cup\u00e9rer la chaleur produite par l&#8217;aci\u00e9rie de Kehl.<\/a><\/li><li><a href=\"http:\/\/www.pamina-business.com\/en\/les-schemas-de-cooperation-transfrontaliere-en-reseau-appliques-a-strasbourg\/\">Les Sch\u00e9mas de Coop\u00e9ration Transfrontali\u00e8re en r\u00e9seau appliqu\u00e9s \u00e0 Strasbourg.<\/a><\/li><li><a href=\"http:\/\/www.pamina-business.com\/en\/soutenons-la-mise-en-place-dun-intergroupe-sur-le-transfrontalier-au-parlement-europeen\/\">Soutenons la mise en place d&#8217;un intergroupe sur le transfrontalier au Parlement europ\u00e9en !<\/a><\/li><li><a href=\"http:\/\/www.pamina-business.com\/en\/eurodistrict-pamina-rapport-dactivites\/\">Eurodistrict PAMINA : rapport d&#8217;activit\u00e9s<\/a><\/li><li><a href=\"http:\/\/www.pamina-business.com\/en\/norcan-inaugure-sa-nouvelle-unite-de-fabrication-a-haguenau\/\">NORCAN inaugure sa nouvelle unit\u00e9 de fabrication \u00e0 Haguenau<\/a><\/li><li><a href=\"http:\/\/www.pamina-business.com\/en\/travail-frontalier-une-etude-de-linsee\/\">Travail frontalier : parution d&#8217;une \u00e9tude de l&#8217;INSEE<\/a><\/li><li><a href=\"http:\/\/www.pamina-business.com\/en\/be-4-0-fachmesse-zur-industrie-der-zukunft-mulhouse-19-20-november-2019\/\">BE 4.0 &#8211; Fachmesse zur Industrie der Zukunft &#8211; Mulhouse 19-20 November 2019<\/a><\/li><li><a href=\"http:\/\/www.pamina-business.com\/en\/le-conseil-departemental-du-bas-rhin-adhere-a-la-technologieregion-karlsruhe\/\">Le Conseil D\u00e9partemental du Bas-Rhin adh\u00e8re \u00e0 la TechnologieRegion Karlsruhe.<\/a><\/li><li><a href=\"http:\/\/www.pamina-business.com\/en\/appel-a-projets-pour-la-reconversion-de-la-base-aerienne-de-drachenbronn\/\">Appel \u00e0 projets pour la reconversion de la base a\u00e9rienne de Drachenbronn<\/a><\/li><li><a href=\"http:\/\/www.pamina-business.com\/en\/ete-culturel-wengelsart-du-5-au-28-juillet-2019\/\">Et\u00e9 culturel &#8220;Wengels&#8217;Art&#8221; du 5 au 28 Juillet 2019.<\/a><\/li><li><a href=\"http:\/\/www.pamina-business.com\/en\/festival-de-musique-dettlingen-la-region-pamina-est-invitee\/\">Festival de musique d&#8217;Ettlingen : la r\u00e9gion PAMINA est invit\u00e9e.<\/a><\/li><li><a href=\"http:\/\/www.pamina-business.com\/en\/vin-sans-frontieres-du-du-6-au-7-juillet-2019\/\">Vin sans fronti\u00e8res du du 6 au 7 Juillet 2019.<\/a><\/li><li><a href=\"http:\/\/www.pamina-business.com\/en\/lalsace-sera-presente-a-expo-real-a-munich-en-octobre-2019\/\">L\u2019Alsace sera pr\u00e9sente \u00e0 EXPO REAL \u00e0 Munich en octobre 2019<\/a><\/li><li><a href=\"http:\/\/www.pamina-business.com\/en\/seltz-et-leimersheim-fete-de-la-rencontre-du-21-au-23-juin-2019\/\">Seltz et Leimersheim : F\u00eate de la rencontre du 21 au 23 Juin 2019.<\/a><\/li><li><a href=\"http:\/\/www.pamina-business.com\/en\/rheinland-pfalz-tag-du-28-juin-2019-au-30-juin-2019\/\">Rheinland-Pfalz Tag : du 28 Juin 2019 au 30 Juin 2019<\/a><\/li><li><a href=\"http:\/\/www.pamina-business.com\/en\/offre-de-stage-relations-publiques-et-reseaux-sociaux-eurodistrict-pamina\/\">Offre de stage: Relations publiques et r\u00e9seaux sociaux Eurodistrict Pamina<\/a><\/li><li><a href=\"http:\/\/www.pamina-business.com\/en\/inauguration-du-site-logistique-europeen-de-paredes-a-ensisheim\/\">Inauguration du site logistique europ\u00e9en de PAREDES \u00e0 Ensisheim<\/a><\/li><li><a href=\"http:\/\/www.pamina-business.com\/en\/venez-decouvrir-lhotel-dentreprises-du-hattgau-a-hatten\/\">Venez d\u00e9couvrir l\u2019H\u00f4tel d\u2019Entreprises du Hattgau \u00e0 Hatten !<\/a><\/li><li><a href=\"http:\/\/www.pamina-business.com\/en\/assemblee-de-leurodistrict-pamina-le-7-juin-2019\/\">Assembl\u00e9e de l&#8217;Eurodistrict Pamina le 7 juin 2019<\/a><\/li><\/ul><\/div>\n","protected":false},"excerpt":{"rendered":"","protected":false},"author":4,"featured_media":0,"parent":0,"menu_order":0,"comment_status":"closed","ping_status":"open","template":"","meta":{"_exactmetrics_skip_tracking":false,"_exactmetrics_sitenote_active":false,"_exactmetrics_sitenote_note":"","_exactmetrics_sitenote_category":0,"footnotes":""},"class_list":["post-203","page","type-page","status-publish","hentry"],"yoast_head":"<!-- This site is optimized with the Yoast SEO plugin v23.5 - https:\/\/yoast.com\/wordpress\/plugins\/seo\/ -->\n<title>Sitemap - PAMINA Business Club<\/title>\n<meta name=\"robots\" content=\"index, follow, max-snippet:-1, max-image-preview:large, max-video-preview:-1\" \/>\n<link rel=\"canonical\" href=\"http:\/\/www.pamina-business.com\/en\/sitemap\/\" \/>\n<meta property=\"og:locale\" content=\"en_US\" \/>\n<meta property=\"og:type\" content=\"article\" \/>\n<meta property=\"og:title\" content=\"Sitemap - PAMINA Business Club\" \/>\n<meta property=\"og:url\" content=\"http:\/\/www.pamina-business.com\/en\/sitemap\/\" \/>\n<meta property=\"og:site_name\" content=\"PAMINA Business Club\" \/>\n<meta name=\"twitter:card\" content=\"summary_large_image\" \/>\n<script type=\"application\/ld+json\" class=\"yoast-schema-graph\">{\"@context\":\"https:\/\/schema.org\",\"@graph\":[{\"@type\":\"WebPage\",\"@id\":\"http:\/\/www.pamina-business.com\/en\/sitemap\/\",\"url\":\"http:\/\/www.pamina-business.com\/en\/sitemap\/\",\"name\":\"Sitemap - PAMINA Business Club\",\"isPartOf\":{\"@id\":\"http:\/\/www.pamina-business.com\/#website\"},\"datePublished\":\"2015-02-09T15:27:01+00:00\",\"dateModified\":\"2015-02-09T15:27:01+00:00\",\"breadcrumb\":{\"@id\":\"http:\/\/www.pamina-business.com\/en\/sitemap\/#breadcrumb\"},\"inLanguage\":\"en-US\",\"potentialAction\":[{\"@type\":\"ReadAction\",\"target\":[\"http:\/\/www.pamina-business.com\/en\/sitemap\/\"]}]},{\"@type\":\"BreadcrumbList\",\"@id\":\"http:\/\/www.pamina-business.com\/en\/sitemap\/#breadcrumb\",\"itemListElement\":[{\"@type\":\"ListItem\",\"position\":1,\"name\":\"Accueil\",\"item\":\"https:\/\/www.pamina-business.com\/en\/\"},{\"@type\":\"ListItem\",\"position\":2,\"name\":\"Sitemap\"}]},{\"@type\":\"WebSite\",\"@id\":\"http:\/\/www.pamina-business.com\/#website\",\"url\":\"http:\/\/www.pamina-business.com\/\",\"name\":\"PAMINA Business Club\",\"description\":\"Un site utilisant WordPress\",\"potentialAction\":[{\"@type\":\"SearchAction\",\"target\":{\"@type\":\"EntryPoint\",\"urlTemplate\":\"http:\/\/www.pamina-business.com\/?s={search_term_string}\"},\"query-input\":{\"@type\":\"PropertyValueSpecification\",\"valueRequired\":true,\"valueName\":\"search_term_string\"}}],\"inLanguage\":\"en-US\"}]}<\/script>\n<!-- \/ Yoast SEO plugin. -->","yoast_head_json":{"title":"Sitemap - PAMINA Business Club","robots":{"index":"index","follow":"follow","max-snippet":"max-snippet:-1","max-image-preview":"max-image-preview:large","max-video-preview":"max-video-preview:-1"},"canonical":"http:\/\/www.pamina-business.com\/en\/sitemap\/","og_locale":"en_US","og_type":"article","og_title":"Sitemap - PAMINA Business Club","og_url":"http:\/\/www.pamina-business.com\/en\/sitemap\/","og_site_name":"PAMINA Business Club","twitter_card":"summary_large_image","schema":{"@context":"https:\/\/schema.org","@graph":[{"@type":"WebPage","@id":"http:\/\/www.pamina-business.com\/en\/sitemap\/","url":"http:\/\/www.pamina-business.com\/en\/sitemap\/","name":"Sitemap - PAMINA Business Club","isPartOf":{"@id":"http:\/\/www.pamina-business.com\/#website"},"datePublished":"2015-02-09T15:27:01+00:00","dateModified":"2015-02-09T15:27:01+00:00","breadcrumb":{"@id":"http:\/\/www.pamina-business.com\/en\/sitemap\/#breadcrumb"},"inLanguage":"en-US","potentialAction":[{"@type":"ReadAction","target":["http:\/\/www.pamina-business.com\/en\/sitemap\/"]}]},{"@type":"BreadcrumbList","@id":"http:\/\/www.pamina-business.com\/en\/sitemap\/#breadcrumb","itemListElement":[{"@type":"ListItem","position":1,"name":"Accueil","item":"https:\/\/www.pamina-business.com\/en\/"},{"@type":"ListItem","position":2,"name":"Sitemap"}]},{"@type":"WebSite","@id":"http:\/\/www.pamina-business.com\/#website","url":"http:\/\/www.pamina-business.com\/","name":"PAMINA Business Club","description":"Un site utilisant WordPress","potentialAction":[{"@type":"SearchAction","target":{"@type":"EntryPoint","urlTemplate":"http:\/\/www.pamina-business.com\/?s={search_term_string}"},"query-input":{"@type":"PropertyValueSpecification","valueRequired":true,"valueName":"search_term_string"}}],"inLanguage":"en-US"}]}},"_links":{"self":[{"href":"http:\/\/www.pamina-business.com\/en\/wp-json\/wp\/v2\/pages\/203","targetHints":{"allow":["GET"]}}],"collection":[{"href":"http:\/\/www.pamina-business.com\/en\/wp-json\/wp\/v2\/pages"}],"about":[{"href":"http:\/\/www.pamina-business.com\/en\/wp-json\/wp\/v2\/types\/page"}],"author":[{"embeddable":true,"href":"http:\/\/www.pamina-business.com\/en\/wp-json\/wp\/v2\/users\/4"}],"replies":[{"embeddable":true,"href":"http:\/\/www.pamina-business.com\/en\/wp-json\/wp\/v2\/comments?post=203"}],"version-history":[{"count":0,"href":"http:\/\/www.pamina-business.com\/en\/wp-json\/wp\/v2\/pages\/203\/revisions"}],"wp:attachment":[{"href":"http:\/\/www.pamina-business.com\/en\/wp-json\/wp\/v2\/media?parent=203"}],"curies":[{"name":"wp","href":"https:\/\/api.w.org\/{rel}","templated":true}]}}